{"id":5535,"date":"2024-04-26T15:00:48","date_gmt":"2024-04-26T13:00:48","guid":{"rendered":"https:\/\/staging.modipack.hr\/p\/folija-sa-zracnim-jastucicima-formati-i-vrecice\/"},"modified":"2024-06-07T14:40:38","modified_gmt":"2024-06-07T12:40:38","slug":"luftpolsterfolie-formate-und-beutel","status":"publish","type":"product","link":"https:\/\/staging.modipack.hr\/de\/p\/luftpolsterfolie-formate-und-beutel\/","title":{"rendered":"Luftpolsterfolie, Formate und Beutel"},"content":{"rendered":"","protected":false},"excerpt":{"rendered":"<p>Luftpolsterfolie (Folie mit Luftbl\u00e4schen) wird zur Verpackung und zum Schutz von Produkten aller Art verwendet.<br \/>\nSie ist in Rollen, Beuteln, Formaten und H\u00fcllen erh\u00e4ltlich. Alle diese Produkte k\u00f6nnen in verschiedenen Abmessungen und nach Ihren Bed\u00fcrfnissen hergestellt werden.<br \/>\nVerpackungsfolien k\u00f6nnen antistatisch sein, um Elektroger\u00e4te zu sch\u00fctzen.<\/p>\n<hr \/>\n<p><a href=\"https:\/\/staging.modipack.hr\/wp-content\/uploads\/2024\/05\/Modipack-pdf-katalog-16.jpg\"><strong>PDF KATALOG &#8211; Luftpolsterfolie<\/strong><\/a><\/p>\n","protected":false},"featured_media":5543,"comment_status":"closed","ping_status":"closed","template":"","meta":{"rank_math_lock_modified_date":false},"product_cat":[154],"product_tag":[],"class_list":{"0":"post-5535","1":"product","2":"type-product","3":"status-publish","4":"has-post-thumbnail","6":"product_cat-schutzverpackung-de","8":"first","9":"instock","10":"shipping-taxable","11":"product-type-simple"},"_links":{"self":[{"href":"https:\/\/staging.modipack.hr\/de\/wp-json\/wp\/v2\/product\/5535"}],"collection":[{"href":"https:\/\/staging.modipack.hr\/de\/wp-json\/wp\/v2\/product"}],"about":[{"href":"https:\/\/staging.modipack.hr\/de\/wp-json\/wp\/v2\/types\/product"}],"replies":[{"embeddable":true,"href":"https:\/\/staging.modipack.hr\/de\/wp-json\/wp\/v2\/comments?post=5535"}],"wp:featuredmedia":[{"embeddable":true,"href":"https:\/\/staging.modipack.hr\/de\/wp-json\/wp\/v2\/media\/5543"}],"wp:attachment":[{"href":"https:\/\/staging.modipack.hr\/de\/wp-json\/wp\/v2\/media?parent=5535"}],"wp:term":[{"taxonomy":"product_cat","embeddable":true,"href":"https:\/\/staging.modipack.hr\/de\/wp-json\/wp\/v2\/product_cat?post=5535"},{"taxonomy":"product_tag","embeddable":true,"href":"https:\/\/staging.modipack.hr\/de\/wp-json\/wp\/v2\/product_tag?post=5535"}],"curies":[{"name":"wp","href":"https:\/\/api.w.org\/{rel}","templated":true}]}}