{"id":5546,"date":"2024-04-26T14:50:48","date_gmt":"2024-04-26T12:50:48","guid":{"rendered":"https:\/\/staging.modipack.hr\/p\/trake-za-vezanje\/"},"modified":"2024-06-10T18:06:11","modified_gmt":"2024-06-10T16:06:11","slug":"bindebaender","status":"publish","type":"product","link":"https:\/\/staging.modipack.hr\/de\/p\/bindebaender\/","title":{"rendered":"Bindeb\u00e4nder"},"content":{"rendered":"","protected":false},"excerpt":{"rendered":"<p>Wir bieten Bindeb\u00e4nder in verschiedenen Gr\u00f6\u00dfen an, mit denen Sie Produkte beim Transport sch\u00fctzen oder mehrere Einzelteile zu einem Ganzen zusammenbinden k\u00f6nnen. Die h\u00e4ufigste Anwendung liegt in der Holz-, Metall- und Papierindustrie. Wir bieten Bindeb\u00e4nder in verschiedenen Gr\u00f6\u00dfen sowie weitere Hilfsmittel wie Hand- und Akku-Handger\u00e4te zum Binden von B\u00e4ndern, Metall- und Kunststoffklammern sowie Kunststoffecken an.<br \/>\nMit Bindeb\u00e4ndern sch\u00fctzen wir Produkte beim Transport. Mehrere einzelne B\u00e4nder k\u00f6nnen auch zu einem gro\u00dfen Band verbunden werden. Bindeb\u00e4nder k\u00f6nnen zum manuellen Umwickeln oder mit automatischen Umreifungsmaschinen verwendet werden.<\/p>\n<p>Verf\u00fcgbar sind verschiedene Bindeb\u00e4nder:<br \/>\n\u2022 Hotmelt<br \/>\n\u2022 PET (Polyester-Alternative zu Stahlbindeb\u00e4ndern)<br \/>\n\u2022 PP (Polypropylen-Bindeb\u00e4nder)<br \/>\n\u2022 Textilb\u00e4nder<\/p>\n<p>Neben Bindeb\u00e4ndern bieten wir auch Metallklammern, Kunststoffecken sowie hand- und akkubetriebene tragbare Ger\u00e4te zum Anbringen von Bindeb\u00e4ndern an.<\/p>\n","protected":false},"featured_media":5555,"comment_status":"open","ping_status":"closed","template":"","meta":{"rank_math_lock_modified_date":false},"product_cat":[156],"product_tag":[],"class_list":{"0":"post-5546","1":"product","2":"type-product","3":"status-publish","4":"has-post-thumbnail","6":"product_cat-bindebaender-de","8":"first","9":"instock","10":"shipping-taxable","11":"product-type-simple"},"_links":{"self":[{"href":"https:\/\/staging.modipack.hr\/de\/wp-json\/wp\/v2\/product\/5546"}],"collection":[{"href":"https:\/\/staging.modipack.hr\/de\/wp-json\/wp\/v2\/product"}],"about":[{"href":"https:\/\/staging.modipack.hr\/de\/wp-json\/wp\/v2\/types\/product"}],"replies":[{"embeddable":true,"href":"https:\/\/staging.modipack.hr\/de\/wp-json\/wp\/v2\/comments?post=5546"}],"wp:featuredmedia":[{"embeddable":true,"href":"https:\/\/staging.modipack.hr\/de\/wp-json\/wp\/v2\/media\/5555"}],"wp:attachment":[{"href":"https:\/\/staging.modipack.hr\/de\/wp-json\/wp\/v2\/media?parent=5546"}],"wp:term":[{"taxonomy":"product_cat","embeddable":true,"href":"https:\/\/staging.modipack.hr\/de\/wp-json\/wp\/v2\/product_cat?post=5546"},{"taxonomy":"product_tag","embeddable":true,"href":"https:\/\/staging.modipack.hr\/de\/wp-json\/wp\/v2\/product_tag?post=5546"}],"curies":[{"name":"wp","href":"https:\/\/api.w.org\/{rel}","templated":true}]}}