{"id":5556,"date":"2024-04-26T14:50:08","date_gmt":"2024-04-26T12:50:08","guid":{"rendered":"https:\/\/staging.modipack.hr\/p\/papirna-traka\/"},"modified":"2024-06-07T12:34:59","modified_gmt":"2024-06-07T10:34:59","slug":"papierband","status":"publish","type":"product","link":"https:\/\/staging.modipack.hr\/de\/p\/papierband\/","title":{"rendered":"Papierband"},"content":{"rendered":"","protected":false},"excerpt":{"rendered":"<p>PAPIER-\u00d6KOBAND<br \/>\nKlebeband aus leichtem Krepppapier f\u00fcr leichte Pakete. Erh\u00e4ltlich mit Naturkautschuk- und l\u00f6sungsmittelhaltigem Harzkleber sowie synthetischem Gummikleber.<\/p>\n<p>Eigenschaften:<\/p>\n<ul>\n<li>Umweltfreundlich und recycelbar<\/li>\n<li>Hohe Haftung und leichtes Abwickeln<\/li>\n<li>Hinterl\u00e4sst nach dem Entfernen keine Spuren<\/li>\n<\/ul>\n","protected":false},"featured_media":5557,"comment_status":"open","ping_status":"closed","template":"","meta":{"rank_math_lock_modified_date":false},"product_cat":[155],"product_tag":[],"class_list":{"0":"post-5556","1":"product","2":"type-product","3":"status-publish","4":"has-post-thumbnail","6":"product_cat-klebebaender-de","8":"first","9":"instock","10":"shipping-taxable","11":"product-type-simple"},"_links":{"self":[{"href":"https:\/\/staging.modipack.hr\/de\/wp-json\/wp\/v2\/product\/5556"}],"collection":[{"href":"https:\/\/staging.modipack.hr\/de\/wp-json\/wp\/v2\/product"}],"about":[{"href":"https:\/\/staging.modipack.hr\/de\/wp-json\/wp\/v2\/types\/product"}],"replies":[{"embeddable":true,"href":"https:\/\/staging.modipack.hr\/de\/wp-json\/wp\/v2\/comments?post=5556"}],"wp:featuredmedia":[{"embeddable":true,"href":"https:\/\/staging.modipack.hr\/de\/wp-json\/wp\/v2\/media\/5557"}],"wp:attachment":[{"href":"https:\/\/staging.modipack.hr\/de\/wp-json\/wp\/v2\/media?parent=5556"}],"wp:term":[{"taxonomy":"product_cat","embeddable":true,"href":"https:\/\/staging.modipack.hr\/de\/wp-json\/wp\/v2\/product_cat?post=5556"},{"taxonomy":"product_tag","embeddable":true,"href":"https:\/\/staging.modipack.hr\/de\/wp-json\/wp\/v2\/product_tag?post=5556"}],"curies":[{"name":"wp","href":"https:\/\/api.w.org\/{rel}","templated":true}]}}