{"id":5562,"date":"2024-04-26T14:30:11","date_gmt":"2024-04-26T12:30:11","guid":{"rendered":"https:\/\/staging.modipack.hr\/p\/ekspandirana-pjenasta-folija-formati-i-vrecice\/"},"modified":"2024-06-07T14:16:28","modified_gmt":"2024-06-07T12:16:28","slug":"schaumstofffolien-formate-und-beutel","status":"publish","type":"product","link":"https:\/\/staging.modipack.hr\/de\/p\/schaumstofffolien-formate-und-beutel\/","title":{"rendered":"Schaumstofffolien, Formate und Beutel"},"content":{"rendered":"","protected":false},"excerpt":{"rendered":"<p>Extrudierte Schaumfolie wird zur Verpackung und zum Schutz von Produkten aller Art verwendet.<br \/>\nDie Folie ist best\u00e4ndig gegen unterschiedliche Wetterbedingungen und beh\u00e4lt ihre mechanische Leistung in einem weiten Temperaturbereich bei.<br \/>\nDie Folie ist elastisch und f\u00fcr verschiedene Zwecke anpassungsf\u00e4hig, was den Zeitaufwand f\u00fcr die Vorbereitung von Verpackungen und Paketen reduziert.<br \/>\nDie Folie besteht aus geschlossenzelligem Polyethylen, das empfindliche Oberfl\u00e4chen hervorragend vor Kratzern und mechanischen Sch\u00e4den sch\u00fctzt. Die Folie ist leicht und elastisch und erm\u00f6glicht eine einfache Anwendung.<\/p>\n<hr \/>\n<p><a href=\"https:\/\/staging.modipack.hr\/wp-content\/uploads\/2024\/05\/Modipack-pdf-katalog-10.jpg\"><strong>PDF KATALOG &#8211; Schaumstofffolien<\/strong><\/a><\/p>\n","protected":false},"featured_media":5571,"comment_status":"open","ping_status":"closed","template":"","meta":{"rank_math_lock_modified_date":false},"product_cat":[157,154],"product_tag":[],"class_list":{"0":"post-5562","1":"product","2":"type-product","3":"status-publish","4":"has-post-thumbnail","6":"product_cat-schaumstofffolien-formate-und-beutel-de","7":"product_cat-schutzverpackung-de","9":"first","10":"instock","11":"shipping-taxable","12":"product-type-simple"},"_links":{"self":[{"href":"https:\/\/staging.modipack.hr\/de\/wp-json\/wp\/v2\/product\/5562"}],"collection":[{"href":"https:\/\/staging.modipack.hr\/de\/wp-json\/wp\/v2\/product"}],"about":[{"href":"https:\/\/staging.modipack.hr\/de\/wp-json\/wp\/v2\/types\/product"}],"replies":[{"embeddable":true,"href":"https:\/\/staging.modipack.hr\/de\/wp-json\/wp\/v2\/comments?post=5562"}],"wp:featuredmedia":[{"embeddable":true,"href":"https:\/\/staging.modipack.hr\/de\/wp-json\/wp\/v2\/media\/5571"}],"wp:attachment":[{"href":"https:\/\/staging.modipack.hr\/de\/wp-json\/wp\/v2\/media?parent=5562"}],"wp:term":[{"taxonomy":"product_cat","embeddable":true,"href":"https:\/\/staging.modipack.hr\/de\/wp-json\/wp\/v2\/product_cat?post=5562"},{"taxonomy":"product_tag","embeddable":true,"href":"https:\/\/staging.modipack.hr\/de\/wp-json\/wp\/v2\/product_tag?post=5562"}],"curies":[{"name":"wp","href":"https:\/\/api.w.org\/{rel}","templated":true}]}}