{"id":5579,"date":"2024-04-26T12:00:12","date_gmt":"2024-04-26T10:00:12","guid":{"rendered":"https:\/\/staging.modipack.hr\/p\/zracno-napuhljivi-mjehurici\/"},"modified":"2024-06-07T14:59:20","modified_gmt":"2024-06-07T12:59:20","slug":"aufblasbare-luftpolster","status":"publish","type":"product","link":"https:\/\/staging.modipack.hr\/de\/p\/aufblasbare-luftpolster\/","title":{"rendered":"Aufblasbare Luftpolster"},"content":{"rendered":"","protected":false},"excerpt":{"rendered":"<p>NewAir I.B.\u00ae Express ist ein System, das Luftpolster f\u00fcr Verpackungen herstellt.<br \/>\nLuftpolster sch\u00fctzen das Produkt vor St\u00f6\u00dfen, f\u00fcllen den Raum in Kartons unterschiedlicher Gr\u00f6\u00dfe aus, erm\u00f6glichen einen vollst\u00e4ndigen Schutz Ihres Produkts bei Lagerung und Transport und sind eines der Schl\u00fcsselelemente des Produktschutzes.<br \/>\nEs handelt sich um eine schnelle, einfach zu bedienende und effiziente Maschine, die den Verpackungsprozess beschleunigt, wodurch Sie eine erhebliche Zeit- und Platzersparnis und einen sinnvolleren Arbeitseinsatz erzielen k\u00f6nnen.<br \/>\nMit einem hochwertigen Produktschutz zeigen Sie Ihren Kunden, dass Sie in ein positives Benutzererlebnis investieren.<\/p>\n<\/div>\n<div><\/div>\n<div><a href=\"https:\/\/staging.modipack.hr\/wp-content\/uploads\/2024\/05\/Modipack-pdf-katalog-9.jpg\"><strong>PDF KATALOG &#8211; Aufblasbare Luftpolster<\/strong><\/a><\/div>\n","protected":false},"featured_media":5580,"comment_status":"open","ping_status":"closed","template":"","meta":{"rank_math_lock_modified_date":false},"product_cat":[154],"product_tag":[],"class_list":{"0":"post-5579","1":"product","2":"type-product","3":"status-publish","4":"has-post-thumbnail","6":"product_cat-schutzverpackung-de","8":"first","9":"instock","10":"shipping-taxable","11":"product-type-simple"},"_links":{"self":[{"href":"https:\/\/staging.modipack.hr\/de\/wp-json\/wp\/v2\/product\/5579"}],"collection":[{"href":"https:\/\/staging.modipack.hr\/de\/wp-json\/wp\/v2\/product"}],"about":[{"href":"https:\/\/staging.modipack.hr\/de\/wp-json\/wp\/v2\/types\/product"}],"replies":[{"embeddable":true,"href":"https:\/\/staging.modipack.hr\/de\/wp-json\/wp\/v2\/comments?post=5579"}],"wp:featuredmedia":[{"embeddable":true,"href":"https:\/\/staging.modipack.hr\/de\/wp-json\/wp\/v2\/media\/5580"}],"wp:attachment":[{"href":"https:\/\/staging.modipack.hr\/de\/wp-json\/wp\/v2\/media?parent=5579"}],"wp:term":[{"taxonomy":"product_cat","embeddable":true,"href":"https:\/\/staging.modipack.hr\/de\/wp-json\/wp\/v2\/product_cat?post=5579"},{"taxonomy":"product_tag","embeddable":true,"href":"https:\/\/staging.modipack.hr\/de\/wp-json\/wp\/v2\/product_tag?post=5579"}],"curies":[{"name":"wp","href":"https:\/\/api.w.org\/{rel}","templated":true}]}}