{"id":5597,"date":"2024-04-26T11:00:42","date_gmt":"2024-04-26T09:00:42","guid":{"rendered":"https:\/\/staging.modipack.hr\/p\/propatech-vci-antikorozivni-vci-papir-u-rolama-listovima-i-vrecicama\/"},"modified":"2024-06-12T17:21:45","modified_gmt":"2024-06-12T15:21:45","slug":"propatech-vci-korrosionsschutzpapier-als-rollenware-zuschnitt-oder-papiertuete","status":"publish","type":"product","link":"https:\/\/staging.modipack.hr\/de\/p\/propatech-vci-korrosionsschutzpapier-als-rollenware-zuschnitt-oder-papiertuete\/","title":{"rendered":"PROPATECH VCI \u2013 Korrosionsschutzpapier als Rollenware, Zuschnitt oder Papiert\u00fcte"},"content":{"rendered":"","protected":false},"excerpt":{"rendered":"<p>DER SCHUTZ HAT EINEN TRUMPF IM \u00c4RMEL<br \/>\nDas PROPATECH VCI Korrosionsschutzpapier wird seit vielen Jahren erfolgreich zum Korrosionsschutz von Metallteilen bei Lagerung und Transport eingesetzt.<br \/>\nDie fl\u00fcchtigen Molek\u00fcle, mit denen PROPATECH VCI Korrosionsschutzpapier beschichtet ist, setzen sich auf der Metalloberfl\u00e4che ab. Hier bilden sie einen Komplex, der in der Lage ist, die Angriffe vieler Umweltverschmutzungen zur\u00fcckzuweisen und somit das Metall vor Korrosion zu sch\u00fctzen.<br \/>\nPROPATECH VCI Korrosionsschutzpapiere sind vielseitig einsetzbar und eignen sich besonders f\u00fcr die Anwendung in Schichten zwischen Produkten, beispielsweise als Ersatz-VCI-Tank in Kombination mit anderen PROPATECH VCI-Produkten oder zur Auskleidung von Kisten.<\/p>\n","protected":false},"featured_media":5598,"comment_status":"open","ping_status":"closed","template":"","meta":{"rank_math_lock_modified_date":false},"product_cat":[158],"product_tag":[],"class_list":{"0":"post-5597","1":"product","2":"type-product","3":"status-publish","4":"has-post-thumbnail","6":"product_cat-korrosionsschutz-system-propatech-vci-de","8":"first","9":"instock","10":"shipping-taxable","11":"product-type-simple"},"_links":{"self":[{"href":"https:\/\/staging.modipack.hr\/de\/wp-json\/wp\/v2\/product\/5597"}],"collection":[{"href":"https:\/\/staging.modipack.hr\/de\/wp-json\/wp\/v2\/product"}],"about":[{"href":"https:\/\/staging.modipack.hr\/de\/wp-json\/wp\/v2\/types\/product"}],"replies":[{"embeddable":true,"href":"https:\/\/staging.modipack.hr\/de\/wp-json\/wp\/v2\/comments?post=5597"}],"wp:featuredmedia":[{"embeddable":true,"href":"https:\/\/staging.modipack.hr\/de\/wp-json\/wp\/v2\/media\/5598"}],"wp:attachment":[{"href":"https:\/\/staging.modipack.hr\/de\/wp-json\/wp\/v2\/media?parent=5597"}],"wp:term":[{"taxonomy":"product_cat","embeddable":true,"href":"https:\/\/staging.modipack.hr\/de\/wp-json\/wp\/v2\/product_cat?post=5597"},{"taxonomy":"product_tag","embeddable":true,"href":"https:\/\/staging.modipack.hr\/de\/wp-json\/wp\/v2\/product_tag?post=5597"}],"curies":[{"name":"wp","href":"https:\/\/api.w.org\/{rel}","templated":true}]}}