{"id":5603,"date":"2024-04-26T10:20:46","date_gmt":"2024-04-26T08:20:46","guid":{"rendered":"https:\/\/staging.modipack.hr\/p\/samoljepljivi-odstojnici\/"},"modified":"2024-06-07T14:42:48","modified_gmt":"2024-06-07T12:42:48","slug":"selbstklebende-abstandshalter","status":"publish","type":"product","link":"https:\/\/staging.modipack.hr\/de\/p\/selbstklebende-abstandshalter\/","title":{"rendered":"Selbstklebende Abstandshalter"},"content":{"rendered":"","protected":false},"excerpt":{"rendered":"<p>Selbstklebende Abstandshalter sch\u00fctzen Produkte und Oberfl\u00e4chen vor Kratzern, Drucksch\u00e4den und St\u00f6\u00dfen.<br \/>\nEine Seite ist selbstklebend und hinterl\u00e4sst nach dem Entfernen keine Klebespuren.<\/p>\n","protected":false},"featured_media":5604,"comment_status":"open","ping_status":"closed","template":"","meta":{"rank_math_lock_modified_date":false},"product_cat":[154],"product_tag":[],"class_list":{"0":"post-5603","1":"product","2":"type-product","3":"status-publish","4":"has-post-thumbnail","6":"product_cat-schutzverpackung-de","8":"first","9":"instock","10":"shipping-taxable","11":"product-type-simple"},"_links":{"self":[{"href":"https:\/\/staging.modipack.hr\/de\/wp-json\/wp\/v2\/product\/5603"}],"collection":[{"href":"https:\/\/staging.modipack.hr\/de\/wp-json\/wp\/v2\/product"}],"about":[{"href":"https:\/\/staging.modipack.hr\/de\/wp-json\/wp\/v2\/types\/product"}],"replies":[{"embeddable":true,"href":"https:\/\/staging.modipack.hr\/de\/wp-json\/wp\/v2\/comments?post=5603"}],"wp:featuredmedia":[{"embeddable":true,"href":"https:\/\/staging.modipack.hr\/de\/wp-json\/wp\/v2\/media\/5604"}],"wp:attachment":[{"href":"https:\/\/staging.modipack.hr\/de\/wp-json\/wp\/v2\/media?parent=5603"}],"wp:term":[{"taxonomy":"product_cat","embeddable":true,"href":"https:\/\/staging.modipack.hr\/de\/wp-json\/wp\/v2\/product_cat?post=5603"},{"taxonomy":"product_tag","embeddable":true,"href":"https:\/\/staging.modipack.hr\/de\/wp-json\/wp\/v2\/product_tag?post=5603"}],"curies":[{"name":"wp","href":"https:\/\/api.w.org\/{rel}","templated":true}]}}