{"id":5622,"date":"2023-12-15T11:01:12","date_gmt":"2023-12-15T10:01:12","guid":{"rendered":"https:\/\/staging.modipack.hr\/p\/brzi-sustavi-za-pakiranje-vrecica-i-tisak\/"},"modified":"2024-06-14T11:19:37","modified_gmt":"2024-06-14T09:19:37","slug":"hochgeschwindigkeits-absack-und-drucksysteme","status":"publish","type":"product","link":"https:\/\/staging.modipack.hr\/de\/p\/hochgeschwindigkeits-absack-und-drucksysteme\/","title":{"rendered":"Hochgeschwindigkeits-Absack- und Drucksysteme"},"content":{"rendered":"","protected":false},"excerpt":{"rendered":"<p>Die Hochgeschwindigkeits-Absack- und Drucksysteme der Marke AUTOBAG\u00ae sind auf Zuverl\u00e4ssigkeit ausgelegt.<br \/>\nDie Hochgeschwindigkeits-Absack- und Drucksysteme der Marke AUTOBAG\u00ae sind automatische Abf\u00fcll- und Verschlie\u00dfmaschinen. Hochgeschwindigkeitsdurchs\u00e4tze sorgen f\u00fcr maximale Maschinenbetriebszeit bei gleichzeitiger Senkung der Gesamtbetriebskosten. Das Bedrucken des n\u00e4chsten Beutels erfolgt mit einem fortschrittlichen Thermotransferdrucker, der direkt \u00fcber dem n\u00e4chsten zu beladenden Gro\u00dfbeutel positioniert wird, was die Umr\u00fcstzeiten verk\u00fcrzt und einen separaten Etikettiervorgang \u00fcberfl\u00fcssig macht.<\/p>\n","protected":false},"featured_media":5625,"comment_status":"open","ping_status":"closed","template":"","meta":{"rank_math_lock_modified_date":false},"product_cat":[159,160],"product_tag":[],"class_list":{"0":"post-5622","1":"product","2":"type-product","3":"status-publish","4":"has-post-thumbnail","6":"product_cat-hochgeschwindigkeits-absack-und-drucksysteme-de","7":"product_cat-verpackungsmaschineni-de","9":"first","10":"instock","11":"shipping-taxable","12":"product-type-simple"},"_links":{"self":[{"href":"https:\/\/staging.modipack.hr\/de\/wp-json\/wp\/v2\/product\/5622"}],"collection":[{"href":"https:\/\/staging.modipack.hr\/de\/wp-json\/wp\/v2\/product"}],"about":[{"href":"https:\/\/staging.modipack.hr\/de\/wp-json\/wp\/v2\/types\/product"}],"replies":[{"embeddable":true,"href":"https:\/\/staging.modipack.hr\/de\/wp-json\/wp\/v2\/comments?post=5622"}],"wp:featuredmedia":[{"embeddable":true,"href":"https:\/\/staging.modipack.hr\/de\/wp-json\/wp\/v2\/media\/5625"}],"wp:attachment":[{"href":"https:\/\/staging.modipack.hr\/de\/wp-json\/wp\/v2\/media?parent=5622"}],"wp:term":[{"taxonomy":"product_cat","embeddable":true,"href":"https:\/\/staging.modipack.hr\/de\/wp-json\/wp\/v2\/product_cat?post=5622"},{"taxonomy":"product_tag","embeddable":true,"href":"https:\/\/staging.modipack.hr\/de\/wp-json\/wp\/v2\/product_tag?post=5622"}],"curies":[{"name":"wp","href":"https:\/\/api.w.org\/{rel}","templated":true}]}}