{"id":5626,"date":"2023-12-15T10:46:45","date_gmt":"2023-12-15T09:46:45","guid":{"rendered":"https:\/\/staging.modipack.hr\/p\/automatizirani-sustavi-za-slanje-poste\/"},"modified":"2024-06-14T10:34:13","modified_gmt":"2024-06-14T08:34:13","slug":"automatisierte-versandsysteme","status":"publish","type":"product","link":"https:\/\/staging.modipack.hr\/de\/p\/automatisierte-versandsysteme\/","title":{"rendered":"Automatisierte Versandsysteme"},"content":{"rendered":"","protected":false},"excerpt":{"rendered":"<p>Automatikversandsysteme der Marke AUTOBAG\u00ae erh\u00f6hen die Abwicklungsgeschwindigkeit, minimieren die Ausfallzeiten der Anlagen und verbessern die Arbeitsoptimierung.<br \/>\nAutomatikversandsysteme der Marke AUTOBAG\u00ae reduzieren die Ausfallzeiten der Anlagen und tragen dazu bei, dass mehr Pakete versendet werden k\u00f6nnen. Diese Systeme erfordern nur einen Bediener und passen die Gr\u00f6\u00dfe jedes Pakets automatisch an die L\u00e4nge und H\u00f6he des Auftrags an. Diese horizontalen Inline-Systeme lassen sich nahtlos in bestehende Verpackungslinien integrieren, ohne dass Ihnen in Ihrem Betrieb etwas Wichtiges entgeht.<\/p>\n","protected":false},"featured_media":5631,"comment_status":"open","ping_status":"closed","template":"","meta":{"rank_math_lock_modified_date":false},"product_cat":[161,160],"product_tag":[],"class_list":{"0":"post-5626","1":"product","2":"type-product","3":"status-publish","4":"has-post-thumbnail","6":"product_cat-automatisierte-versandsysteme-de","7":"product_cat-verpackungsmaschineni-de","9":"first","10":"instock","11":"shipping-taxable","12":"product-type-simple"},"_links":{"self":[{"href":"https:\/\/staging.modipack.hr\/de\/wp-json\/wp\/v2\/product\/5626"}],"collection":[{"href":"https:\/\/staging.modipack.hr\/de\/wp-json\/wp\/v2\/product"}],"about":[{"href":"https:\/\/staging.modipack.hr\/de\/wp-json\/wp\/v2\/types\/product"}],"replies":[{"embeddable":true,"href":"https:\/\/staging.modipack.hr\/de\/wp-json\/wp\/v2\/comments?post=5626"}],"wp:featuredmedia":[{"embeddable":true,"href":"https:\/\/staging.modipack.hr\/de\/wp-json\/wp\/v2\/media\/5631"}],"wp:attachment":[{"href":"https:\/\/staging.modipack.hr\/de\/wp-json\/wp\/v2\/media?parent=5626"}],"wp:term":[{"taxonomy":"product_cat","embeddable":true,"href":"https:\/\/staging.modipack.hr\/de\/wp-json\/wp\/v2\/product_cat?post=5626"},{"taxonomy":"product_tag","embeddable":true,"href":"https:\/\/staging.modipack.hr\/de\/wp-json\/wp\/v2\/product_tag?post=5626"}],"curies":[{"name":"wp","href":"https:\/\/api.w.org\/{rel}","templated":true}]}}