{"id":5632,"date":"2023-12-15T10:39:02","date_gmt":"2023-12-15T09:39:02","guid":{"rendered":"https:\/\/staging.modipack.hr\/p\/automatizirani-kartonski-sustavi\/"},"modified":"2024-06-13T11:28:24","modified_gmt":"2024-06-13T09:28:24","slug":"automatisierte-kartonagen-systeme","status":"publish","type":"product","link":"https:\/\/staging.modipack.hr\/de\/p\/automatisierte-kartonagen-systeme\/","title":{"rendered":"Automatisierte Kartonagen-Systeme"},"content":{"rendered":"","protected":false},"excerpt":{"rendered":"<p>Automatisierte Kartoniersysteme der Marke SEALED AIR\u00ae minimieren die Kosten f\u00fcr den Verpackungsbetrieb.<br \/>\nAutomatisierte Kartoniersysteme der Marke SEALED AIR\u00ae minimieren die Fracht-, Betriebs- und Verbrauchsmaterialkosten von Paketsendungen durch die Herstellung von ma\u00dfgerechten Verpackungen und die Optimierung der Produktivit\u00e4t. Neben der Senkung der Frachtkosten und der Verringerung des CO2-Fu\u00dfabdrucks beim Versand entf\u00e4llt durch die Gr\u00f6\u00dfenanpassung jedes Pakets der Bedarf an Leerraumf\u00fcllung und zus\u00e4tzlichem Verpackungsmaterial.<\/p>\n","protected":false},"featured_media":5635,"comment_status":"open","ping_status":"closed","template":"","meta":{"rank_math_lock_modified_date":false},"product_cat":[162,160],"product_tag":[],"class_list":{"0":"post-5632","1":"product","2":"type-product","3":"status-publish","4":"has-post-thumbnail","6":"product_cat-automatisierte-kartonagen-systeme-de","7":"product_cat-verpackungsmaschineni-de","9":"first","10":"instock","11":"shipping-taxable","12":"product-type-simple"},"_links":{"self":[{"href":"https:\/\/staging.modipack.hr\/de\/wp-json\/wp\/v2\/product\/5632"}],"collection":[{"href":"https:\/\/staging.modipack.hr\/de\/wp-json\/wp\/v2\/product"}],"about":[{"href":"https:\/\/staging.modipack.hr\/de\/wp-json\/wp\/v2\/types\/product"}],"replies":[{"embeddable":true,"href":"https:\/\/staging.modipack.hr\/de\/wp-json\/wp\/v2\/comments?post=5632"}],"wp:featuredmedia":[{"embeddable":true,"href":"https:\/\/staging.modipack.hr\/de\/wp-json\/wp\/v2\/media\/5635"}],"wp:attachment":[{"href":"https:\/\/staging.modipack.hr\/de\/wp-json\/wp\/v2\/media?parent=5632"}],"wp:term":[{"taxonomy":"product_cat","embeddable":true,"href":"https:\/\/staging.modipack.hr\/de\/wp-json\/wp\/v2\/product_cat?post=5632"},{"taxonomy":"product_tag","embeddable":true,"href":"https:\/\/staging.modipack.hr\/de\/wp-json\/wp\/v2\/product_tag?post=5632"}],"curies":[{"name":"wp","href":"https:\/\/api.w.org\/{rel}","templated":true}]}}