{"id":5650,"date":"2023-12-15T08:39:39","date_gmt":"2023-12-15T07:39:39","guid":{"rendered":"https:\/\/staging.modipack.hr\/p\/rucno-vezanje\/"},"modified":"2024-06-14T11:38:21","modified_gmt":"2024-06-14T09:38:21","slug":"manuelles-binden","status":"publish","type":"product","link":"https:\/\/staging.modipack.hr\/de\/p\/manuelles-binden\/","title":{"rendered":"Manuelles Binden"},"content":{"rendered":"","protected":false},"excerpt":{"rendered":"<p>Manuelle Bindeger\u00e4te f\u00fcr PP-, PET-, Verbund- und Textilb\u00e4nder, die Ihre Ladung zu einer stabilen Einheit verbinden.<\/p>\n","protected":false},"featured_media":5651,"comment_status":"open","ping_status":"closed","template":"","meta":{"rank_math_lock_modified_date":false},"product_cat":[166,160],"product_tag":[],"class_list":{"0":"post-5650","1":"product","2":"type-product","3":"status-publish","4":"has-post-thumbnail","6":"product_cat-binden-de","7":"product_cat-verpackungsmaschineni-de","9":"first","10":"instock","11":"shipping-taxable","12":"product-type-simple"},"_links":{"self":[{"href":"https:\/\/staging.modipack.hr\/de\/wp-json\/wp\/v2\/product\/5650"}],"collection":[{"href":"https:\/\/staging.modipack.hr\/de\/wp-json\/wp\/v2\/product"}],"about":[{"href":"https:\/\/staging.modipack.hr\/de\/wp-json\/wp\/v2\/types\/product"}],"replies":[{"embeddable":true,"href":"https:\/\/staging.modipack.hr\/de\/wp-json\/wp\/v2\/comments?post=5650"}],"wp:featuredmedia":[{"embeddable":true,"href":"https:\/\/staging.modipack.hr\/de\/wp-json\/wp\/v2\/media\/5651"}],"wp:attachment":[{"href":"https:\/\/staging.modipack.hr\/de\/wp-json\/wp\/v2\/media?parent=5650"}],"wp:term":[{"taxonomy":"product_cat","embeddable":true,"href":"https:\/\/staging.modipack.hr\/de\/wp-json\/wp\/v2\/product_cat?post=5650"},{"taxonomy":"product_tag","embeddable":true,"href":"https:\/\/staging.modipack.hr\/de\/wp-json\/wp\/v2\/product_tag?post=5650"}],"curies":[{"name":"wp","href":"https:\/\/api.w.org\/{rel}","templated":true}]}}