{"id":5654,"date":"2023-12-14T15:28:12","date_gmt":"2023-12-14T14:28:12","guid":{"rendered":"https:\/\/staging.modipack.hr\/p\/base\/"},"modified":"2024-06-14T10:37:04","modified_gmt":"2024-06-14T08:37:04","slug":"base","status":"publish","type":"product","link":"https:\/\/staging.modipack.hr\/de\/p\/base\/","title":{"rendered":"Base"},"content":{"rendered":"","protected":false},"excerpt":{"rendered":"<p>Die fortschrittlichsten Funktionen zu einem hervorragenden Preis. Nichts wird dem Zufall \u00fcberlassen, dieser Palettenwickler ist sorgf\u00e4ltig gefertigt. H\u00f6chste Qualit\u00e4t spiegelt sich in der Arbeit, dem Gewicht, der Form und der Zusammensetzung wider.<\/p>\n<p>Abmessungen:<\/p>\n<p>H\u00f6he: 2466 mm<br \/>\nBreite: 1500 mm<br \/>\nL\u00e4nge: 2660 mm<br \/>\nPlattformh\u00f6he: 75 mm<br \/>\nGewicht: 400 kg<br \/>\nStromversorgung: 230 VAC 3PH+N<br \/>\nTechnische Beschreibung:<\/p>\n<p>Drehteller 1650 mm<br \/>\nTragf\u00e4higkeit 2000 kg<br \/>\nDigitales Bedienfeld mit Display<br \/>\nSpeicher f\u00fcr 32 verschiedene Wickelprogramme<br \/>\nSanftanlauf und Drehtellerstopp an gleicher Stelle<br \/>\nDie Einstellung der unteren und oberen Wickelarme erfolgt digital und getrennt<br \/>\nAuf-\/Abw\u00e4rtswicklung<br \/>\nWickelprogramm nur mit Aufw\u00e4rtswicklung<br \/>\nWickelprogramm mit Unterbrechung zur manuellen Platzierung der Abdeckfolie<br \/>\nWickelprogramm mit Druckplatte f\u00fcr leichte und instabile Ladungen<br \/>\nSt\u00e4rkeres Wickelprogramm<br \/>\nReset \/ start \/ stop \/ on \/ off<br \/>\nFotozelle zur Erkennung der Ladungsh\u00f6he und Registrierung dunkler Objekte<br \/>\nManuelle und automatische Steuerung<br \/>\nEinstellbare Drehtellergeschwindigkeit von 0 bis 12 U\/min<br \/>\nEinstellbare Geschwindigkeit des Folienschlittens<br \/>\nAutomatische Diagnosenachrichten am Display<br \/>\nMax. Palettenma\u00dfe L 1000 mm B 1200 mm H 2200 mm<br \/>\nMotorisierte Vorspannung zur Anpassung der Spannkraft<br \/>\nAusfahren des Drehtellers am Ende des Verpackungszyklus<br \/>\nAkustisches Warnsignal zu Beginn des Zyklus<br \/>\nAnschlussleistung \u2013 Einphasig 230 V, installierte Leistung 1,00 kW<br \/>\nSchutzart: IP54<br \/>\nAbmessungen der Maschine im Grundriss L 296 x B 1650 x H 2400 mm<\/p>\n","protected":false},"featured_media":5655,"comment_status":"open","ping_status":"closed","template":"","meta":{"rank_math_lock_modified_date":false},"product_cat":[167,160],"product_tag":[],"class_list":{"0":"post-5654","1":"product","2":"type-product","3":"status-publish","4":"has-post-thumbnail","6":"product_cat-verpackung-de","7":"product_cat-verpackungsmaschineni-de","9":"first","10":"instock","11":"shipping-taxable","12":"product-type-simple"},"_links":{"self":[{"href":"https:\/\/staging.modipack.hr\/de\/wp-json\/wp\/v2\/product\/5654"}],"collection":[{"href":"https:\/\/staging.modipack.hr\/de\/wp-json\/wp\/v2\/product"}],"about":[{"href":"https:\/\/staging.modipack.hr\/de\/wp-json\/wp\/v2\/types\/product"}],"replies":[{"embeddable":true,"href":"https:\/\/staging.modipack.hr\/de\/wp-json\/wp\/v2\/comments?post=5654"}],"wp:featuredmedia":[{"embeddable":true,"href":"https:\/\/staging.modipack.hr\/de\/wp-json\/wp\/v2\/media\/5655"}],"wp:attachment":[{"href":"https:\/\/staging.modipack.hr\/de\/wp-json\/wp\/v2\/media?parent=5654"}],"wp:term":[{"taxonomy":"product_cat","embeddable":true,"href":"https:\/\/staging.modipack.hr\/de\/wp-json\/wp\/v2\/product_cat?post=5654"},{"taxonomy":"product_tag","embeddable":true,"href":"https:\/\/staging.modipack.hr\/de\/wp-json\/wp\/v2\/product_tag?post=5654"}],"curies":[{"name":"wp","href":"https:\/\/api.w.org\/{rel}","templated":true}]}}