{"id":5669,"date":"2023-12-12T15:30:32","date_gmt":"2023-12-12T14:30:32","guid":{"rendered":"https:\/\/staging.modipack.hr\/p\/indikatori-udara-i-prevrtanja\/"},"modified":"2024-06-10T17:38:07","modified_gmt":"2024-06-10T15:38:07","slug":"stoss-und-kippindikatoren","status":"publish","type":"product","link":"https:\/\/staging.modipack.hr\/de\/p\/stoss-und-kippindikatoren\/","title":{"rendered":"Sto\u00df- und Kippindikatoren"},"content":{"rendered":"","protected":false},"excerpt":{"rendered":"<p>SICHERHEIT BEIM TRANSPORT&#8230;<br \/>\nPropagroup ist offizieller Vertriebspartner f\u00fcr Italien, Spanien, Portugal, Griechenland, Rum\u00e4nien und andere europ\u00e4ische L\u00e4nder der Sto\u00df- und Kippindikatoren der Reihe Shockwatch. Propagroup sorgt f\u00fcr mehr Sicherheit beim Transport Ihrer Materialien.<\/p>\n","protected":false},"featured_media":5670,"comment_status":"open","ping_status":"closed","template":"","meta":{"rank_math_lock_modified_date":false},"product_cat":[169],"product_tag":[],"class_list":{"0":"post-5669","1":"product","2":"type-product","3":"status-publish","4":"has-post-thumbnail","6":"product_cat-ueberwachung-von-temperatur-und-feuchtigkeit-von-waren-waehrend-des-transports-de","8":"first","9":"instock","10":"shipping-taxable","11":"product-type-simple"},"_links":{"self":[{"href":"https:\/\/staging.modipack.hr\/de\/wp-json\/wp\/v2\/product\/5669"}],"collection":[{"href":"https:\/\/staging.modipack.hr\/de\/wp-json\/wp\/v2\/product"}],"about":[{"href":"https:\/\/staging.modipack.hr\/de\/wp-json\/wp\/v2\/types\/product"}],"replies":[{"embeddable":true,"href":"https:\/\/staging.modipack.hr\/de\/wp-json\/wp\/v2\/comments?post=5669"}],"wp:featuredmedia":[{"embeddable":true,"href":"https:\/\/staging.modipack.hr\/de\/wp-json\/wp\/v2\/media\/5670"}],"wp:attachment":[{"href":"https:\/\/staging.modipack.hr\/de\/wp-json\/wp\/v2\/media?parent=5669"}],"wp:term":[{"taxonomy":"product_cat","embeddable":true,"href":"https:\/\/staging.modipack.hr\/de\/wp-json\/wp\/v2\/product_cat?post=5669"},{"taxonomy":"product_tag","embeddable":true,"href":"https:\/\/staging.modipack.hr\/de\/wp-json\/wp\/v2\/product_tag?post=5669"}],"curies":[{"name":"wp","href":"https:\/\/api.w.org\/{rel}","templated":true}]}}