{"id":5677,"date":"2023-12-12T15:29:20","date_gmt":"2023-12-12T14:29:20","guid":{"rendered":"https:\/\/staging.modipack.hr\/p\/indikatori-temperature\/"},"modified":"2024-06-10T17:33:00","modified_gmt":"2024-06-10T15:33:00","slug":"temperaturindikatoren","status":"publish","type":"product","link":"https:\/\/staging.modipack.hr\/de\/p\/temperaturindikatoren\/","title":{"rendered":"Temperaturindikatoren"},"content":{"rendered":"","protected":false},"excerpt":{"rendered":"<p>TEMPERATURINDIKATOREN<br \/>\nPropagroup pr\u00e4sentiert eine Reihe von Temperaturmessger\u00e4ten f\u00fcr die l\u00fcckenlose \u00dcberwachung w\u00e4hrend des Transports und der Lagerung.<br \/>\nDie einfachen, pr\u00e4zisen, preiswerten und leicht anzuwendenden Temperaturindikatoren sind Instrumente, mit denen die \u00dcberschreitung von Mindest- oder H\u00f6chsttemperaturen \u00fcberwacht werden kann und die Sie bei der Ankunft der Ware sofort \u00fcber eine eventuelle Fehlfunktion der K\u00fchl- oder Isoliersysteme informieren.<br \/>\nTemperaturanzeiger sind ideal f\u00fcr die \u00dcberwachung von Produkten, deren Eigenschaften sich \u00e4ndern, wenn sie bestimmten Temperaturen ausgesetzt werden, wie zu Beispiel:<br \/>\n\u2022 Impfstoffe<br \/>\n\u2022 Pharmazeutische Produkte<br \/>\n\u2022 Seren<br \/>\n\u2022 Insulin<br \/>\n\u2022 Laboruntersuchungen<br \/>\n\u2022 Temperaturempfindliche Lebensmittel (Schokolade, S\u00fc\u00dfwaren&#8230;)<br \/>\n\u2022 Schnell verderbende Lebensmittel im Allgemeinen (z. B. Milchprodukte, Obst, Gem\u00fcse&#8230;)<\/p>\n","protected":false},"featured_media":5678,"comment_status":"open","ping_status":"closed","template":"","meta":{"rank_math_lock_modified_date":false},"product_cat":[169],"product_tag":[],"class_list":{"0":"post-5677","1":"product","2":"type-product","3":"status-publish","4":"has-post-thumbnail","6":"product_cat-ueberwachung-von-temperatur-und-feuchtigkeit-von-waren-waehrend-des-transports-de","8":"first","9":"instock","10":"shipping-taxable","11":"product-type-simple"},"_links":{"self":[{"href":"https:\/\/staging.modipack.hr\/de\/wp-json\/wp\/v2\/product\/5677"}],"collection":[{"href":"https:\/\/staging.modipack.hr\/de\/wp-json\/wp\/v2\/product"}],"about":[{"href":"https:\/\/staging.modipack.hr\/de\/wp-json\/wp\/v2\/types\/product"}],"replies":[{"embeddable":true,"href":"https:\/\/staging.modipack.hr\/de\/wp-json\/wp\/v2\/comments?post=5677"}],"wp:featuredmedia":[{"embeddable":true,"href":"https:\/\/staging.modipack.hr\/de\/wp-json\/wp\/v2\/media\/5678"}],"wp:attachment":[{"href":"https:\/\/staging.modipack.hr\/de\/wp-json\/wp\/v2\/media?parent=5677"}],"wp:term":[{"taxonomy":"product_cat","embeddable":true,"href":"https:\/\/staging.modipack.hr\/de\/wp-json\/wp\/v2\/product_cat?post=5677"},{"taxonomy":"product_tag","embeddable":true,"href":"https:\/\/staging.modipack.hr\/de\/wp-json\/wp\/v2\/product_tag?post=5677"}],"curies":[{"name":"wp","href":"https:\/\/api.w.org\/{rel}","templated":true}]}}