{"id":5685,"date":"2023-12-12T15:00:12","date_gmt":"2023-12-12T14:00:12","guid":{"rendered":"https:\/\/staging.modipack.hr\/p\/indikatori-vremena-timestrip\/"},"modified":"2024-06-10T17:40:40","modified_gmt":"2024-06-10T15:40:40","slug":"zeitindikatoren-timestrip","status":"publish","type":"product","link":"https:\/\/staging.modipack.hr\/de\/p\/zeitindikatoren-timestrip\/","title":{"rendered":"Zeitindikatoren \u2013 Timestrip"},"content":{"rendered":"","protected":false},"excerpt":{"rendered":"<p>Timestrip Zeitindikator 3 Monate<br \/>\nZeit unter Kontrolle<br \/>\nAb der Aktivierung messen die Zeitindikatoren Timestrip die vergangene Zeit. Dies kann Minuten bis Jahre dauern. In der Pharma- und Gesundheitsbranche k\u00f6nnen Kurzzeitindikatoren von 1 Stunde bis 7 Tagen eingesetzt werden \u2013 vom Verbandwechsel bis hin zu zeitdiagnostischen Ergebnissen. F\u00fcr Produkte, die regelm\u00e4\u00dfig ausgetauscht, gewartet und repariert werden m\u00fcssen, k\u00f6nnen l\u00e4ngere Zeitintervallindikatoren verwendet werden.<br \/>\nTimestrip-Zeitindikatoren sind kleine, nicht r\u00fcckg\u00e4ngige Reminder. Sie zeigen, wieviel Zeit ab der Aktivierung vergangen ist.<br \/>\nNach der Aktivierung durch Dr\u00fccken der Aktivierungsblase beginnen sie sofort, die verstrichene Zeit anzuzeigen. Das Indikatorsfenster verf\u00e4rbt sich. Der Timestrip-Indikator kann mit seiner praktischen Klebefolie direkt auf einzelne Diagnosesets oder Produkte aufgebracht werden. Wenn der Timestrip-Indikator sich vollst\u00e4ndig verf\u00e4rbt hat, bedeutet es, dass die Zeit abgelaufen ist und der Benutzer wird erinnert, zu intervenieren.<\/p>\n","protected":false},"featured_media":5691,"comment_status":"open","ping_status":"closed","template":"","meta":{"rank_math_lock_modified_date":false},"product_cat":[169],"product_tag":[],"class_list":{"0":"post-5685","1":"product","2":"type-product","3":"status-publish","4":"has-post-thumbnail","6":"product_cat-ueberwachung-von-temperatur-und-feuchtigkeit-von-waren-waehrend-des-transports-de","8":"first","9":"instock","10":"shipping-taxable","11":"product-type-simple"},"_links":{"self":[{"href":"https:\/\/staging.modipack.hr\/de\/wp-json\/wp\/v2\/product\/5685"}],"collection":[{"href":"https:\/\/staging.modipack.hr\/de\/wp-json\/wp\/v2\/product"}],"about":[{"href":"https:\/\/staging.modipack.hr\/de\/wp-json\/wp\/v2\/types\/product"}],"replies":[{"embeddable":true,"href":"https:\/\/staging.modipack.hr\/de\/wp-json\/wp\/v2\/comments?post=5685"}],"wp:featuredmedia":[{"embeddable":true,"href":"https:\/\/staging.modipack.hr\/de\/wp-json\/wp\/v2\/media\/5691"}],"wp:attachment":[{"href":"https:\/\/staging.modipack.hr\/de\/wp-json\/wp\/v2\/media?parent=5685"}],"wp:term":[{"taxonomy":"product_cat","embeddable":true,"href":"https:\/\/staging.modipack.hr\/de\/wp-json\/wp\/v2\/product_cat?post=5685"},{"taxonomy":"product_tag","embeddable":true,"href":"https:\/\/staging.modipack.hr\/de\/wp-json\/wp\/v2\/product_tag?post=5685"}],"curies":[{"name":"wp","href":"https:\/\/api.w.org\/{rel}","templated":true}]}}