{"id":5692,"date":"2023-12-12T09:15:56","date_gmt":"2023-12-12T08:15:56","guid":{"rendered":"https:\/\/staging.modipack.hr\/p\/propasecard-indikatori-vlaznosti-bez-kobalt-diklorida\/"},"modified":"2024-06-10T17:58:46","modified_gmt":"2024-06-10T15:58:46","slug":"propasecard-feuchtigkeitsindikatoren-ohne-kobaltdichlorid","status":"publish","type":"product","link":"https:\/\/staging.modipack.hr\/de\/p\/propasecard-feuchtigkeitsindikatoren-ohne-kobaltdichlorid\/","title":{"rendered":"PROPASECARD \u2013 Feuchtigkeitsindikatoren ohne Kobaltdichlorid"},"content":{"rendered":"","protected":false},"excerpt":{"rendered":"<p>Feuchtigkeitsindikatoren Propasecard Feuchtigkeitsindikatoren Propasecard<br \/>\nWERTVOLLE DATEN IN ECHTZEIT!<br \/>\nPROPASECARD ist eine steife Karte mit reversiblen Lesepunkten f\u00fcr die relative Luftfeuchtigkeit (rF), \u201eohne Kobaltdichlorid\u201c, die ihre Farbe von blau nach rosa \u00e4ndert, wenn eine relativer Luftfeuchtigkeitswert \u00fcberschritten wird.<br \/>\nDer PROPASECARD-Feuchtigkeitsindikator muss direkt in der Verpackung des zu kontrollierenden Produktes eingesetzt werden. Verf\u00fcgbar sind zahlreiche Konfigurationen. PROPASECARD kann je nach Anwendung und Erfordernissen niedrige Luftfeuchten bis zu einer rF von 5 % oder hohe bis zu einer rF von 90 % anzeigen.<br \/>\nPROPASECARD bietet visuelle Beweise f\u00fcr die relative Luftfeuchtigkeit in der Umgebung und\/oder der Verpackung. Wenn PROPESECARD anzeigt, dass die Luftfeuchtigkeit hoch ist, wei\u00df der Benutzer, dass er das Trockenmittel austauschen und das Produkt \u00fcberpr\u00fcfen muss.<br \/>\nIn der Regel wird es zusammen mit Trockenmitteln f\u00fcr jeden Zweck verwendet, bei dem die Luftfeuchtigkeit einen kritischen Wert erreicht, der das Endprodukt beeintr\u00e4chtigen kann.<\/p>\n","protected":false},"featured_media":5698,"comment_status":"open","ping_status":"closed","template":"","meta":{"rank_math_lock_modified_date":false},"product_cat":[169],"product_tag":[],"class_list":{"0":"post-5692","1":"product","2":"type-product","3":"status-publish","4":"has-post-thumbnail","6":"product_cat-ueberwachung-von-temperatur-und-feuchtigkeit-von-waren-waehrend-des-transports-de","8":"first","9":"instock","10":"shipping-taxable","11":"product-type-simple"},"_links":{"self":[{"href":"https:\/\/staging.modipack.hr\/de\/wp-json\/wp\/v2\/product\/5692"}],"collection":[{"href":"https:\/\/staging.modipack.hr\/de\/wp-json\/wp\/v2\/product"}],"about":[{"href":"https:\/\/staging.modipack.hr\/de\/wp-json\/wp\/v2\/types\/product"}],"replies":[{"embeddable":true,"href":"https:\/\/staging.modipack.hr\/de\/wp-json\/wp\/v2\/comments?post=5692"}],"wp:featuredmedia":[{"embeddable":true,"href":"https:\/\/staging.modipack.hr\/de\/wp-json\/wp\/v2\/media\/5698"}],"wp:attachment":[{"href":"https:\/\/staging.modipack.hr\/de\/wp-json\/wp\/v2\/media?parent=5692"}],"wp:term":[{"taxonomy":"product_cat","embeddable":true,"href":"https:\/\/staging.modipack.hr\/de\/wp-json\/wp\/v2\/product_cat?post=5692"},{"taxonomy":"product_tag","embeddable":true,"href":"https:\/\/staging.modipack.hr\/de\/wp-json\/wp\/v2\/product_tag?post=5692"}],"curies":[{"name":"wp","href":"https:\/\/api.w.org\/{rel}","templated":true}]}}