{"id":5699,"date":"2023-12-11T16:12:41","date_gmt":"2023-12-11T15:12:41","guid":{"rendered":"https:\/\/staging.modipack.hr\/p\/propathin-t1500-prozirna-i-otporna-folija\/"},"modified":"2024-06-14T12:10:19","modified_gmt":"2024-06-14T10:10:19","slug":"propathin-t1500-hochfeste-und-transparente-folie","status":"publish","type":"product","link":"https:\/\/staging.modipack.hr\/de\/p\/propathin-t1500-hochfeste-und-transparente-folie\/","title":{"rendered":"PROPATHIN T1500 \u2013 Hochfeste und Transparente Folie"},"content":{"rendered":"","protected":false},"excerpt":{"rendered":"<p>Transparenter, d\u00fcnner, rei\u00dffester Schutz!<br \/>\nPROPATHIN T1500 ist die neuste innovative, technologische und umweltfreundliche Folie, die in den Forschungslaboratorien von Propagroup entwickelt worden ist, um Rei\u00dffestigkeit bei minimaler St\u00e4rke zu bieten, ohne auf Durchsichtigkeit zu verzichten.<\/p>\n<p>PROPATHIN T1500 wird wie alle anderen Folien von Propagroup aus hochtechnologischen Harzen hergestellt, die mit einer spezifischen entwickelten Methode koextrudiert werden, um Rei\u00dffestigkeit, niedrige Wasserdampfdurchl\u00e4ssigkeit und eine gro\u00dfe Leistung in einem einzigen Produkt zu liefern.<\/p>\n","protected":false},"featured_media":5700,"comment_status":"open","ping_status":"closed","template":"","meta":{"rank_math_lock_modified_date":false},"product_cat":[168,170],"product_tag":[],"class_list":{"0":"post-5699","1":"product","2":"type-product","3":"status-publish","4":"has-post-thumbnail","6":"product_cat-oekologische-verpackungsmaterialien-de","7":"product_cat-schutz-vor-stoessen-und-handhabungsproblemen-beim-transport-und-lagerung-de","9":"first","10":"instock","11":"shipping-taxable","12":"product-type-simple"},"_links":{"self":[{"href":"https:\/\/staging.modipack.hr\/de\/wp-json\/wp\/v2\/product\/5699"}],"collection":[{"href":"https:\/\/staging.modipack.hr\/de\/wp-json\/wp\/v2\/product"}],"about":[{"href":"https:\/\/staging.modipack.hr\/de\/wp-json\/wp\/v2\/types\/product"}],"replies":[{"embeddable":true,"href":"https:\/\/staging.modipack.hr\/de\/wp-json\/wp\/v2\/comments?post=5699"}],"wp:featuredmedia":[{"embeddable":true,"href":"https:\/\/staging.modipack.hr\/de\/wp-json\/wp\/v2\/media\/5700"}],"wp:attachment":[{"href":"https:\/\/staging.modipack.hr\/de\/wp-json\/wp\/v2\/media?parent=5699"}],"wp:term":[{"taxonomy":"product_cat","embeddable":true,"href":"https:\/\/staging.modipack.hr\/de\/wp-json\/wp\/v2\/product_cat?post=5699"},{"taxonomy":"product_tag","embeddable":true,"href":"https:\/\/staging.modipack.hr\/de\/wp-json\/wp\/v2\/product_tag?post=5699"}],"curies":[{"name":"wp","href":"https:\/\/api.w.org\/{rel}","templated":true}]}}