{"id":5721,"date":"2023-12-08T15:38:54","date_gmt":"2023-12-08T14:38:54","guid":{"rendered":"https:\/\/staging.modipack.hr\/p\/propafill-kartonski-separatori\/"},"modified":"2024-06-14T11:57:45","modified_gmt":"2024-06-14T09:57:45","slug":"propafill-kartontrenner","status":"publish","type":"product","link":"https:\/\/staging.modipack.hr\/de\/p\/propafill-kartontrenner\/","title":{"rendered":"PROPAFILL \u2013 Kartontrenner"},"content":{"rendered":"","protected":false},"excerpt":{"rendered":"<p>Die ideale L\u00f6sung, um Leerstellen und L\u00fccken bei einer Ladung zu f\u00fcllen!<br \/>\nPropafill ist ein Produkt aus vollst\u00e4ndig recycelbarer Wellpappe, das dank der faltbaren Wabenstruktur leicht zwischen den Paletten eingef\u00fchrt werden kann, um diese w\u00e4hrend des gesamten Transports getrennt und gesichert zu halten.<\/p>\n<p>Propafill ist die \u00f6kologische, praktische und preisg\u00fcnstige L\u00f6sung f\u00fcr das Problem, wenn sich die Ladungen w\u00e4hrend des Transports durch pl\u00f6tzliches Bremsen oder Beschleunigen, stark ausgepr\u00e4gte Kurven und andere unerwartete Bedingungen neigen oder verschieben k\u00f6nnen. In der Tat k\u00f6nnen in solchen Situationen die Belastungen einer instabilen Ladung eine Art \u201eDominoeffekt\u201c verursachen, wie unten gezeigt.<\/p>\n","protected":false},"featured_media":5726,"comment_status":"open","ping_status":"closed","template":"","meta":{"rank_math_lock_modified_date":false},"product_cat":[168,170],"product_tag":[],"class_list":{"0":"post-5721","1":"product","2":"type-product","3":"status-publish","4":"has-post-thumbnail","6":"product_cat-oekologische-verpackungsmaterialien-de","7":"product_cat-schutz-vor-stoessen-und-handhabungsproblemen-beim-transport-und-lagerung-de","9":"first","10":"instock","11":"shipping-taxable","12":"product-type-simple"},"_links":{"self":[{"href":"https:\/\/staging.modipack.hr\/de\/wp-json\/wp\/v2\/product\/5721"}],"collection":[{"href":"https:\/\/staging.modipack.hr\/de\/wp-json\/wp\/v2\/product"}],"about":[{"href":"https:\/\/staging.modipack.hr\/de\/wp-json\/wp\/v2\/types\/product"}],"replies":[{"embeddable":true,"href":"https:\/\/staging.modipack.hr\/de\/wp-json\/wp\/v2\/comments?post=5721"}],"wp:featuredmedia":[{"embeddable":true,"href":"https:\/\/staging.modipack.hr\/de\/wp-json\/wp\/v2\/media\/5726"}],"wp:attachment":[{"href":"https:\/\/staging.modipack.hr\/de\/wp-json\/wp\/v2\/media?parent=5721"}],"wp:term":[{"taxonomy":"product_cat","embeddable":true,"href":"https:\/\/staging.modipack.hr\/de\/wp-json\/wp\/v2\/product_cat?post=5721"},{"taxonomy":"product_tag","embeddable":true,"href":"https:\/\/staging.modipack.hr\/de\/wp-json\/wp\/v2\/product_tag?post=5721"}],"curies":[{"name":"wp","href":"https:\/\/api.w.org\/{rel}","templated":true}]}}