{"id":5732,"date":"2023-12-08T15:11:22","date_gmt":"2023-12-08T14:11:22","guid":{"rendered":"https:\/\/staging.modipack.hr\/p\/propafix-zastita-za-rubove-koja-se-sama-oblikuje\/"},"modified":"2024-06-14T12:00:22","modified_gmt":"2024-06-14T10:00:22","slug":"propafix-selbstanpassender-kantenschutz","status":"publish","type":"product","link":"https:\/\/staging.modipack.hr\/de\/p\/propafix-selbstanpassender-kantenschutz\/","title":{"rendered":"PROPAFIX \u2013 Selbstanpassender Kantenschutz"},"content":{"rendered":"","protected":false},"excerpt":{"rendered":"<p>DIE ANPASSUNGSF\u00c4HIGE KANTENSCHUTZLEISTE<\/p>\n<p>PROPAFIX ist definitiv ein innovativer, von Propagroup patentierter Kanten- und Eckenschutz zum Befestigen und Sichern der Waren w\u00e4hrend des Transportes und der Lagerung.<\/p>\n<p>Der gro\u00dfe Vorteil von PROPAFIX gegen\u00fcber den bisherigen Produkten zum Kanten- und Eckenschutz ist seine gro\u00dfe Anpassungsf\u00e4higkeit an alle Verpackungsma\u00dfe. Man k\u00f6nnte PROPAFIX tats\u00e4chlich als \u201eselbst anpassend\u201c bezeichnen. Dank der leicht zu trennenden Profilierung kann der Anwender die geeignete L\u00e4nge zum Schutz des Beh\u00e4lters w\u00e4hlen, wobei bei Bedarf Stahlspulen und Rollen verwendet werden.<\/p>\n","protected":false},"featured_media":5739,"comment_status":"open","ping_status":"closed","template":"","meta":{"rank_math_lock_modified_date":false},"product_cat":[170],"product_tag":[],"class_list":{"0":"post-5732","1":"product","2":"type-product","3":"status-publish","4":"has-post-thumbnail","6":"product_cat-schutz-vor-stoessen-und-handhabungsproblemen-beim-transport-und-lagerung-de","8":"first","9":"instock","10":"shipping-taxable","11":"product-type-simple"},"_links":{"self":[{"href":"https:\/\/staging.modipack.hr\/de\/wp-json\/wp\/v2\/product\/5732"}],"collection":[{"href":"https:\/\/staging.modipack.hr\/de\/wp-json\/wp\/v2\/product"}],"about":[{"href":"https:\/\/staging.modipack.hr\/de\/wp-json\/wp\/v2\/types\/product"}],"replies":[{"embeddable":true,"href":"https:\/\/staging.modipack.hr\/de\/wp-json\/wp\/v2\/comments?post=5732"}],"wp:featuredmedia":[{"embeddable":true,"href":"https:\/\/staging.modipack.hr\/de\/wp-json\/wp\/v2\/media\/5739"}],"wp:attachment":[{"href":"https:\/\/staging.modipack.hr\/de\/wp-json\/wp\/v2\/media?parent=5732"}],"wp:term":[{"taxonomy":"product_cat","embeddable":true,"href":"https:\/\/staging.modipack.hr\/de\/wp-json\/wp\/v2\/product_cat?post=5732"},{"taxonomy":"product_tag","embeddable":true,"href":"https:\/\/staging.modipack.hr\/de\/wp-json\/wp\/v2\/product_tag?post=5732"}],"curies":[{"name":"wp","href":"https:\/\/api.w.org\/{rel}","templated":true}]}}