{"id":5751,"date":"2023-12-08T14:03:54","date_gmt":"2023-12-08T13:03:54","guid":{"rendered":"https:\/\/staging.modipack.hr\/p\/propatech-vci-oil-uni-0-40\/"},"modified":"2024-06-12T17:18:16","modified_gmt":"2024-06-12T15:18:16","slug":"propatech-vci-oil-uni-0-40","status":"publish","type":"product","link":"https:\/\/staging.modipack.hr\/de\/p\/propatech-vci-oil-uni-0-40\/","title":{"rendered":"PROPATECH VCI OIL UNI 0-40"},"content":{"rendered":"","protected":false},"excerpt":{"rendered":"<p>KORROSIONSSCHUTZ<br \/>\nPROPATECH VCI OIL UNI 0-40 bildet einen Schutzfilm auf den zu sch\u00fctzenden Fl\u00e4chen, der diese gegen aggressive Wirkstoffe in der Umwelt abschirmt. Die Besonderheit des \u00d6ls PROPATECH VCI liegt jedoch darin, dass es zus\u00e4tzlich korrosionssch\u00fctzende D\u00e4mpfe abgibt, die auch an den am schwersten zu erreichenden Punkten Schutz bieten. Es ist damit ideal f\u00fcr den Korrosionsschutz \u201egeschlossener Systeme\u201c wie Tanks, Getriebegeh\u00e4use und anderer Gegenst\u00e4nde, die problemlos \u00d6l enthalten k\u00f6nnen und in den Bereichen, wo das \u00d6l nicht hingelangt, einen gasf\u00f6rmigen Schutz ben\u00f6tigen.<\/p>\n","protected":false},"featured_media":5752,"comment_status":"open","ping_status":"closed","template":"","meta":{"rank_math_lock_modified_date":false},"product_cat":[158],"product_tag":[],"class_list":{"0":"post-5751","1":"product","2":"type-product","3":"status-publish","4":"has-post-thumbnail","6":"product_cat-korrosionsschutz-system-propatech-vci-de","8":"first","9":"instock","10":"shipping-taxable","11":"product-type-simple"},"_links":{"self":[{"href":"https:\/\/staging.modipack.hr\/de\/wp-json\/wp\/v2\/product\/5751"}],"collection":[{"href":"https:\/\/staging.modipack.hr\/de\/wp-json\/wp\/v2\/product"}],"about":[{"href":"https:\/\/staging.modipack.hr\/de\/wp-json\/wp\/v2\/types\/product"}],"replies":[{"embeddable":true,"href":"https:\/\/staging.modipack.hr\/de\/wp-json\/wp\/v2\/comments?post=5751"}],"wp:featuredmedia":[{"embeddable":true,"href":"https:\/\/staging.modipack.hr\/de\/wp-json\/wp\/v2\/media\/5752"}],"wp:attachment":[{"href":"https:\/\/staging.modipack.hr\/de\/wp-json\/wp\/v2\/media?parent=5751"}],"wp:term":[{"taxonomy":"product_cat","embeddable":true,"href":"https:\/\/staging.modipack.hr\/de\/wp-json\/wp\/v2\/product_cat?post=5751"},{"taxonomy":"product_tag","embeddable":true,"href":"https:\/\/staging.modipack.hr\/de\/wp-json\/wp\/v2\/product_tag?post=5751"}],"curies":[{"name":"wp","href":"https:\/\/api.w.org\/{rel}","templated":true}]}}