{"id":5765,"date":"2023-12-08T12:53:12","date_gmt":"2023-12-08T11:53:12","guid":{"rendered":"https:\/\/staging.modipack.hr\/p\/propatech-vci-zastita-metala\/"},"modified":"2024-06-12T17:19:54","modified_gmt":"2024-06-12T15:19:54","slug":"propatech-vci-schutz-von-metallen","status":"publish","type":"product","link":"https:\/\/staging.modipack.hr\/de\/p\/propatech-vci-schutz-von-metallen\/","title":{"rendered":"PROPATECH VCI Schutz von Metallen"},"content":{"rendered":"","protected":false},"excerpt":{"rendered":"<p>PROPATECH VCI: KORROSIONSSCHUTZ<br \/>\nPropagroup hat Herstellern stets dabei geholfen, die Produktqualit\u00e4t langfristig besser zu erhalten, und in diesen Jahren wurde PROPATECH VCI (Volatile Corrosion Inhibitor) zu einem der wirksamsten Mittel, um dieses Ziel zu erreichen.<br \/>\nDie Produktreihe PROPATECH VCI setzt sich aus einer breiten Palette verschiedener Produkte zum Korrosionsschutz von Metallen zusammen, die speziell f\u00fcr die Konservierung und den Schutz von Stahl und Metallen vor Rost und Korrosion w\u00e4hrend Transport und Lagerung bestimmt sind.<br \/>\nDas Ergebnis? Gleichbleibende Qualit\u00e4t der transportierten und gelagerten Produkte, keine Reklamationen \u00fcber Oxidationssch\u00e4den, erhebliche Einsparungen und gro\u00dfe Kundenzufriedenheit &#8230; sowohl bei uns als auch bei Ihnen!<\/p>\n","protected":false},"featured_media":5766,"comment_status":"open","ping_status":"closed","template":"","meta":{"rank_math_lock_modified_date":false},"product_cat":[158],"product_tag":[],"class_list":{"0":"post-5765","1":"product","2":"type-product","3":"status-publish","4":"has-post-thumbnail","6":"product_cat-korrosionsschutz-system-propatech-vci-de","8":"first","9":"instock","10":"shipping-taxable","11":"product-type-simple"},"_links":{"self":[{"href":"https:\/\/staging.modipack.hr\/de\/wp-json\/wp\/v2\/product\/5765"}],"collection":[{"href":"https:\/\/staging.modipack.hr\/de\/wp-json\/wp\/v2\/product"}],"about":[{"href":"https:\/\/staging.modipack.hr\/de\/wp-json\/wp\/v2\/types\/product"}],"replies":[{"embeddable":true,"href":"https:\/\/staging.modipack.hr\/de\/wp-json\/wp\/v2\/comments?post=5765"}],"wp:featuredmedia":[{"embeddable":true,"href":"https:\/\/staging.modipack.hr\/de\/wp-json\/wp\/v2\/media\/5766"}],"wp:attachment":[{"href":"https:\/\/staging.modipack.hr\/de\/wp-json\/wp\/v2\/media?parent=5765"}],"wp:term":[{"taxonomy":"product_cat","embeddable":true,"href":"https:\/\/staging.modipack.hr\/de\/wp-json\/wp\/v2\/product_cat?post=5765"},{"taxonomy":"product_tag","embeddable":true,"href":"https:\/\/staging.modipack.hr\/de\/wp-json\/wp\/v2\/product_tag?post=5765"}],"curies":[{"name":"wp","href":"https:\/\/api.w.org\/{rel}","templated":true}]}}