{"id":5770,"date":"2023-12-08T12:49:15","date_gmt":"2023-12-08T11:49:15","guid":{"rendered":"https:\/\/staging.modipack.hr\/p\/desikanti-za-teretne-kontejnere\/"},"modified":"2024-06-10T17:05:50","modified_gmt":"2024-06-10T15:05:50","slug":"trockenmittel-fuer-frachtcontainer","status":"publish","type":"product","link":"https:\/\/staging.modipack.hr\/de\/p\/trockenmittel-fuer-frachtcontainer\/","title":{"rendered":"Trockenmittel f\u00fcr Frachtcontainer"},"content":{"rendered":"","protected":false},"excerpt":{"rendered":"<p>PROPADRY: LANGFRISTIGER SCHUTZ VOR FEUCHTIGKEIT<br \/>\nPROPADRY ist eine revolution\u00e4re Produktlinie, die Propagroup entwickelt hat, um die Bildung von Feuchtigkeit in geschlossenen R\u00e4umen und Verpackungen zu neutralisieren und so die Qualit\u00e4t Ihrer Produkte zu sch\u00fctzen.<br \/>\nIn der Tat ist bekannt, dass eine der Hauptursachen f\u00fcr Sch\u00e4den an Produkten w\u00e4hrend Transport und Lagerung die im Container vorhandene Feuchtigkeit ist.<br \/>\nDie Luftfeuchtigkeit neigt zusammen mit der aus der Verdunstung des in der Ladung enthaltenen Wassers entstehenden Feuchtigkeit dazu, in geschlossenen R\u00e4umen ein wahrhaft tropisches Mikroklima zu schaffen, dass zum Eindringen von Wasserdampf in die transportierten Verpackungen f\u00fchrt.<br \/>\nDaraus folgt die Entstehung von Kondenswasser, das sich kontinuierlich bildet und wieder verdunstet, was oftmals irreparable Sch\u00e4den verursacht.<\/p>\n","protected":false},"featured_media":5772,"comment_status":"open","ping_status":"closed","template":"","meta":{"rank_math_lock_modified_date":false},"product_cat":[172],"product_tag":[],"class_list":{"0":"post-5770","1":"product","2":"type-product","3":"status-publish","4":"has-post-thumbnail","6":"product_cat-trockenmittel-und-umweltstabilisatoren-de","8":"first","9":"instock","10":"shipping-taxable","11":"product-type-simple"},"_links":{"self":[{"href":"https:\/\/staging.modipack.hr\/de\/wp-json\/wp\/v2\/product\/5770"}],"collection":[{"href":"https:\/\/staging.modipack.hr\/de\/wp-json\/wp\/v2\/product"}],"about":[{"href":"https:\/\/staging.modipack.hr\/de\/wp-json\/wp\/v2\/types\/product"}],"replies":[{"embeddable":true,"href":"https:\/\/staging.modipack.hr\/de\/wp-json\/wp\/v2\/comments?post=5770"}],"wp:featuredmedia":[{"embeddable":true,"href":"https:\/\/staging.modipack.hr\/de\/wp-json\/wp\/v2\/media\/5772"}],"wp:attachment":[{"href":"https:\/\/staging.modipack.hr\/de\/wp-json\/wp\/v2\/media?parent=5770"}],"wp:term":[{"taxonomy":"product_cat","embeddable":true,"href":"https:\/\/staging.modipack.hr\/de\/wp-json\/wp\/v2\/product_cat?post=5770"},{"taxonomy":"product_tag","embeddable":true,"href":"https:\/\/staging.modipack.hr\/de\/wp-json\/wp\/v2\/product_tag?post=5770"}],"curies":[{"name":"wp","href":"https:\/\/api.w.org\/{rel}","templated":true}]}}