{"id":5775,"date":"2023-12-08T12:41:05","date_gmt":"2023-12-08T11:41:05","guid":{"rendered":"https:\/\/staging.modipack.hr\/p\/propasorb-apsorpcija-tekucina\/"},"modified":"2024-06-10T17:23:25","modified_gmt":"2024-06-10T15:23:25","slug":"propasorb-fluessigkeitsabsorption","status":"publish","type":"product","link":"https:\/\/staging.modipack.hr\/de\/p\/propasorb-fluessigkeitsabsorption\/","title":{"rendered":"PROPASORB \u2013 Fl\u00fcssigkeitsabsorption"},"content":{"rendered":"","protected":false},"excerpt":{"rendered":"<p>PROPASORB: WIRKSAME FL\u00dcSSIGKEITSABSORPTION<br \/>\nPROPASORB ist ein Produkt, das zur L\u00f6sung von Problemen im Zusammenhang mit dem Austreten von Fl\u00fcssigkeiten entwickelt wurde. Es ist in der Lage, Leckagen und Tropfverluste aus Rohren, Verbindungen, Anschl\u00fcssen usw. aufzusaugen und einzud\u00e4mmen.<br \/>\nPropasorb ist ein Produkt, das nicht staubt und dessen Wirkungsweise auf den benutzten Mineralien beruht, die aus der W\u00e4rmeexpansion einer besonderen Art von Magmagestein gewonnen werden. Diese Eigenschaft verleiht Propasorb eine unmittelbar wirksame Saugkraft f\u00fcr Fl\u00fcssigkeiten jeder Dichte, von Wasser bis zu \u00f6lhaltigen Substanzen und Kohlewasserstoffen.<br \/>\nPropasorb ist ein grundlegend wichtiges Produkt f\u00fcr Fabriken, Werkst\u00e4tten und Arbeitspl\u00e4tze, wo ein unbeabsichtigtes Austreten von Fl\u00fcssigkeiten zu Br\u00e4nden, G\u00e4rung, Gefahren und unerw\u00fcnschten Ger\u00fcchen f\u00fchren kann.<\/p>\n","protected":false},"featured_media":5777,"comment_status":"open","ping_status":"closed","template":"","meta":{"rank_math_lock_modified_date":false},"product_cat":[172],"product_tag":[],"class_list":{"0":"post-5775","1":"product","2":"type-product","3":"status-publish","4":"has-post-thumbnail","6":"product_cat-trockenmittel-und-umweltstabilisatoren-de","8":"first","9":"instock","10":"shipping-taxable","11":"product-type-simple"},"_links":{"self":[{"href":"https:\/\/staging.modipack.hr\/de\/wp-json\/wp\/v2\/product\/5775"}],"collection":[{"href":"https:\/\/staging.modipack.hr\/de\/wp-json\/wp\/v2\/product"}],"about":[{"href":"https:\/\/staging.modipack.hr\/de\/wp-json\/wp\/v2\/types\/product"}],"replies":[{"embeddable":true,"href":"https:\/\/staging.modipack.hr\/de\/wp-json\/wp\/v2\/comments?post=5775"}],"wp:featuredmedia":[{"embeddable":true,"href":"https:\/\/staging.modipack.hr\/de\/wp-json\/wp\/v2\/media\/5777"}],"wp:attachment":[{"href":"https:\/\/staging.modipack.hr\/de\/wp-json\/wp\/v2\/media?parent=5775"}],"wp:term":[{"taxonomy":"product_cat","embeddable":true,"href":"https:\/\/staging.modipack.hr\/de\/wp-json\/wp\/v2\/product_cat?post=5775"},{"taxonomy":"product_tag","embeddable":true,"href":"https:\/\/staging.modipack.hr\/de\/wp-json\/wp\/v2\/product_tag?post=5775"}],"curies":[{"name":"wp","href":"https:\/\/api.w.org\/{rel}","templated":true}]}}