{"id":5778,"date":"2023-12-08T11:09:52","date_gmt":"2023-12-08T10:09:52","guid":{"rendered":"https:\/\/staging.modipack.hr\/p\/propametic-zastitna-folija\/"},"modified":"2024-06-10T17:20:54","modified_gmt":"2024-06-10T15:20:54","slug":"propametic-schutzfolie","status":"publish","type":"product","link":"https:\/\/staging.modipack.hr\/de\/p\/propametic-schutzfolie\/","title":{"rendered":"PROPAMETIC \u2013 Schutzfolie"},"content":{"rendered":"","protected":false},"excerpt":{"rendered":"<p>DAS SIEGREICHE TEAM IM KAMPF GEGEN DAMPF!<br \/>\nBei PROPAMETIC Schutzfolien handelt es sich um eine Produktpalette, die f\u00fcr die Verpackung von feuchte- und witterungsempfindlichen Produkten konzipiert und entwickelt wurde. Die PROPAMETIC Schutzfolien eignen sich besonders f\u00fcr die langfristige Lagerung von Materialien, die eine gleichm\u00e4\u00dfige Atmosph\u00e4re ben\u00f6tigen.<br \/>\nBei PROPAMETIC Schutzfolien handelt es sich um mehrlagige Produkte, die durch Kaschieren von 3 oder 4 Werkstoffen hergestellt werden. Dadurch wird ein sehr guter Schutz gegen Wasserdampf und Feuchtigkeit erreicht. Zus\u00e4tzlich zur Barrierewirkung verleihen die technischen Eigenschaften der PROPAMETIC Folien dem Produkt eine hohe mechanische Belastbarkeit und eine gute Schwei\u00dfbarkeit. Dies erlaubt eine einfache Anwendung bei der Herstellung von Hauben, S\u00e4cken und H\u00fcllen f\u00fcr steife oder flexible Beh\u00e4lter, sowie zur Verpackung zahlreicher Produkte, die f\u00fcr den \u00dcbersee-Versand oder die langfristige Lagerung bestimmt sind.<\/p>\n","protected":false},"featured_media":5783,"comment_status":"open","ping_status":"closed","template":"","meta":{"rank_math_lock_modified_date":false},"product_cat":[172],"product_tag":[],"class_list":{"0":"post-5778","1":"product","2":"type-product","3":"status-publish","4":"has-post-thumbnail","6":"product_cat-trockenmittel-und-umweltstabilisatoren-de","8":"first","9":"instock","10":"shipping-taxable","11":"product-type-simple"},"_links":{"self":[{"href":"https:\/\/staging.modipack.hr\/de\/wp-json\/wp\/v2\/product\/5778"}],"collection":[{"href":"https:\/\/staging.modipack.hr\/de\/wp-json\/wp\/v2\/product"}],"about":[{"href":"https:\/\/staging.modipack.hr\/de\/wp-json\/wp\/v2\/types\/product"}],"replies":[{"embeddable":true,"href":"https:\/\/staging.modipack.hr\/de\/wp-json\/wp\/v2\/comments?post=5778"}],"wp:featuredmedia":[{"embeddable":true,"href":"https:\/\/staging.modipack.hr\/de\/wp-json\/wp\/v2\/media\/5783"}],"wp:attachment":[{"href":"https:\/\/staging.modipack.hr\/de\/wp-json\/wp\/v2\/media?parent=5778"}],"wp:term":[{"taxonomy":"product_cat","embeddable":true,"href":"https:\/\/staging.modipack.hr\/de\/wp-json\/wp\/v2\/product_cat?post=5778"},{"taxonomy":"product_tag","embeddable":true,"href":"https:\/\/staging.modipack.hr\/de\/wp-json\/wp\/v2\/product_tag?post=5778"}],"curies":[{"name":"wp","href":"https:\/\/api.w.org\/{rel}","templated":true}]}}