{"id":5790,"date":"2023-12-07T15:55:06","date_gmt":"2023-12-07T14:55:06","guid":{"rendered":"https:\/\/staging.modipack.hr\/p\/propad-coiler\/"},"modified":"2024-06-12T14:09:48","modified_gmt":"2024-06-12T12:09:48","slug":"propad-coiler","status":"publish","type":"product","link":"https:\/\/staging.modipack.hr\/de\/p\/propad-coiler\/","title":{"rendered":"ProPad Coiler"},"content":{"rendered":"","protected":false},"excerpt":{"rendered":"<p>Das ProPad Coiler Papierwickelsystem ist ein Zubeh\u00f6rteil f\u00fcr das ProPad, das die freih\u00e4ndige Herstellung langlebiger, gewickelter Papierpolster erm\u00f6glicht und so eine hochsichere L\u00f6sung f\u00fcr jeden Verpackungsvorgang darstellt. Robuste Papierrollen ersetzen weniger nachhaltige Verpackungsangebote im Automobil-, Maschinen- und Haushaltsger\u00e4temarkt. Das ProPad Coiler Papierwickelsystem sorgt f\u00fcr Effizienz und Vielseitigkeit bei Verpackungsvorg\u00e4ngen durch seriengeformte Rollen, praktische Abmessungen und Umstellungsm\u00f6glichkeit der Dichte sowie bedarfsgesteuertes Aufwickeln \u2013 alles \u00fcber ein und dasselbe System.<\/p>\n","protected":false},"featured_media":5792,"comment_status":"open","ping_status":"closed","template":"","meta":{"rank_math_lock_modified_date":false},"product_cat":[171],"product_tag":[],"class_list":{"0":"post-5790","1":"product","2":"type-product","3":"status-publish","4":"has-post-thumbnail","6":"product_cat-papierschutz-de","8":"first","9":"instock","10":"shipping-taxable","11":"product-type-simple"},"_links":{"self":[{"href":"https:\/\/staging.modipack.hr\/de\/wp-json\/wp\/v2\/product\/5790"}],"collection":[{"href":"https:\/\/staging.modipack.hr\/de\/wp-json\/wp\/v2\/product"}],"about":[{"href":"https:\/\/staging.modipack.hr\/de\/wp-json\/wp\/v2\/types\/product"}],"replies":[{"embeddable":true,"href":"https:\/\/staging.modipack.hr\/de\/wp-json\/wp\/v2\/comments?post=5790"}],"wp:featuredmedia":[{"embeddable":true,"href":"https:\/\/staging.modipack.hr\/de\/wp-json\/wp\/v2\/media\/5792"}],"wp:attachment":[{"href":"https:\/\/staging.modipack.hr\/de\/wp-json\/wp\/v2\/media?parent=5790"}],"wp:term":[{"taxonomy":"product_cat","embeddable":true,"href":"https:\/\/staging.modipack.hr\/de\/wp-json\/wp\/v2\/product_cat?post=5790"},{"taxonomy":"product_tag","embeddable":true,"href":"https:\/\/staging.modipack.hr\/de\/wp-json\/wp\/v2\/product_tag?post=5790"}],"curies":[{"name":"wp","href":"https:\/\/api.w.org\/{rel}","templated":true}]}}