{"id":5796,"date":"2023-12-06T15:35:50","date_gmt":"2023-12-06T14:35:50","guid":{"rendered":"https:\/\/staging.modipack.hr\/p\/kurirske-vrecice\/"},"modified":"2024-06-07T11:03:51","modified_gmt":"2024-06-07T09:03:51","slug":"versandbeutel","status":"publish","type":"product","link":"https:\/\/staging.modipack.hr\/de\/p\/versandbeutel\/","title":{"rendered":"Versandbeutel"},"content":{"rendered":"","protected":false},"excerpt":{"rendered":"<p>F\u00fcr den Paketversand werden Versandbeutel mit Selbstklebeband verwendet.<br \/>\nSie sind mit oder ohne Perforation f\u00fcr R\u00fccksendungen und Tasche an der Au\u00dfenseite f\u00fcr Lieferdokumente f\u00fcr den Kurierversand erh\u00e4ltlich.<br \/>\nVerf\u00fcgbare Farben: schwarz\/wei\u00df, farbig, transparent.<\/p>\n","protected":false},"featured_media":5797,"comment_status":"open","ping_status":"closed","template":"","meta":{"rank_math_lock_modified_date":false},"product_cat":[173],"product_tag":[],"class_list":{"0":"post-5796","1":"product","2":"type-product","3":"status-publish","4":"has-post-thumbnail","6":"product_cat-versandbeutel-de","8":"first","9":"instock","10":"shipping-taxable","11":"product-type-simple"},"_links":{"self":[{"href":"https:\/\/staging.modipack.hr\/de\/wp-json\/wp\/v2\/product\/5796"}],"collection":[{"href":"https:\/\/staging.modipack.hr\/de\/wp-json\/wp\/v2\/product"}],"about":[{"href":"https:\/\/staging.modipack.hr\/de\/wp-json\/wp\/v2\/types\/product"}],"replies":[{"embeddable":true,"href":"https:\/\/staging.modipack.hr\/de\/wp-json\/wp\/v2\/comments?post=5796"}],"wp:featuredmedia":[{"embeddable":true,"href":"https:\/\/staging.modipack.hr\/de\/wp-json\/wp\/v2\/media\/5797"}],"wp:attachment":[{"href":"https:\/\/staging.modipack.hr\/de\/wp-json\/wp\/v2\/media?parent=5796"}],"wp:term":[{"taxonomy":"product_cat","embeddable":true,"href":"https:\/\/staging.modipack.hr\/de\/wp-json\/wp\/v2\/product_cat?post=5796"},{"taxonomy":"product_tag","embeddable":true,"href":"https:\/\/staging.modipack.hr\/de\/wp-json\/wp\/v2\/product_tag?post=5796"}],"curies":[{"name":"wp","href":"https:\/\/api.w.org\/{rel}","templated":true}]}}