{"id":5806,"date":"2023-12-06T15:33:27","date_gmt":"2023-12-06T14:33:27","guid":{"rendered":"https:\/\/staging.modipack.hr\/p\/samoljepljive-vrecice-za-dokumente\/"},"modified":"2024-06-07T11:05:46","modified_gmt":"2024-06-07T09:05:46","slug":"selbstklebende-dokumententaschen","status":"publish","type":"product","link":"https:\/\/staging.modipack.hr\/de\/p\/selbstklebende-dokumententaschen\/","title":{"rendered":"Selbstklebende Dokumententaschen"},"content":{"rendered":"","protected":false},"excerpt":{"rendered":"<p>Packlistenumschlag f\u00fcr Lieferdokumente an der Au\u00dfenseite der Box oder des Beutels zur sicheren Aufbewahrung der Dokumente w\u00e4hrend des Transports.<br \/>\nWasserdicht \u2013 die Dokumente bleiben sauber und trocken.<br \/>\nSelbstklebend \u2013 schnell und einfach anzubringen.<\/p>\n","protected":false},"featured_media":5807,"comment_status":"open","ping_status":"closed","template":"","meta":{"rank_math_lock_modified_date":false},"product_cat":[173],"product_tag":[],"class_list":{"0":"post-5806","1":"product","2":"type-product","3":"status-publish","4":"has-post-thumbnail","6":"product_cat-versandbeutel-de","8":"first","9":"instock","10":"shipping-taxable","11":"product-type-simple"},"_links":{"self":[{"href":"https:\/\/staging.modipack.hr\/de\/wp-json\/wp\/v2\/product\/5806"}],"collection":[{"href":"https:\/\/staging.modipack.hr\/de\/wp-json\/wp\/v2\/product"}],"about":[{"href":"https:\/\/staging.modipack.hr\/de\/wp-json\/wp\/v2\/types\/product"}],"replies":[{"embeddable":true,"href":"https:\/\/staging.modipack.hr\/de\/wp-json\/wp\/v2\/comments?post=5806"}],"wp:featuredmedia":[{"embeddable":true,"href":"https:\/\/staging.modipack.hr\/de\/wp-json\/wp\/v2\/media\/5807"}],"wp:attachment":[{"href":"https:\/\/staging.modipack.hr\/de\/wp-json\/wp\/v2\/media?parent=5806"}],"wp:term":[{"taxonomy":"product_cat","embeddable":true,"href":"https:\/\/staging.modipack.hr\/de\/wp-json\/wp\/v2\/product_cat?post=5806"},{"taxonomy":"product_tag","embeddable":true,"href":"https:\/\/staging.modipack.hr\/de\/wp-json\/wp\/v2\/product_tag?post=5806"}],"curies":[{"name":"wp","href":"https:\/\/api.w.org\/{rel}","templated":true}]}}