{"id":5811,"date":"2023-12-06T15:31:40","date_gmt":"2023-12-06T14:31:40","guid":{"rendered":"https:\/\/staging.modipack.hr\/p\/rucne-stretch-folije\/"},"modified":"2024-06-06T14:16:35","modified_gmt":"2024-06-06T12:16:35","slug":"handstretchfolie","status":"publish","type":"product","link":"https:\/\/staging.modipack.hr\/de\/p\/handstretchfolie\/","title":{"rendered":"Handstretchfolie"},"content":{"rendered":"","protected":false},"excerpt":{"rendered":"<p>Zur Verpackung von Produkten \u2013 Paletten \u2013 werden Stretchfolien verwendet, die der Ladung Stabilit\u00e4t verleihen und sie vor \u00e4u\u00dferen Einfl\u00fcssen sch\u00fctzen. Wir haben verschiedene Arten von Stretchfolien in unserem Sortiment.<br \/>\nManuelle (Stretch-)Folien sind in der Regel in den St\u00e4rken 17 und 23 Mikrometer und in Rollengewichten von 3 oder 5 kg erh\u00e4ltlich.<br \/>\nDie Standardbreite einer Rolle betr\u00e4gt 50 cm.<\/p>\n","protected":false},"featured_media":5812,"comment_status":"open","ping_status":"closed","template":"","meta":{"rank_math_lock_modified_date":false},"product_cat":[174],"product_tag":[],"class_list":{"0":"post-5811","1":"product","2":"type-product","3":"status-publish","4":"has-post-thumbnail","6":"product_cat-stretchfolie-de","8":"first","9":"instock","10":"shipping-taxable","11":"product-type-simple"},"_links":{"self":[{"href":"https:\/\/staging.modipack.hr\/de\/wp-json\/wp\/v2\/product\/5811"}],"collection":[{"href":"https:\/\/staging.modipack.hr\/de\/wp-json\/wp\/v2\/product"}],"about":[{"href":"https:\/\/staging.modipack.hr\/de\/wp-json\/wp\/v2\/types\/product"}],"replies":[{"embeddable":true,"href":"https:\/\/staging.modipack.hr\/de\/wp-json\/wp\/v2\/comments?post=5811"}],"wp:featuredmedia":[{"embeddable":true,"href":"https:\/\/staging.modipack.hr\/de\/wp-json\/wp\/v2\/media\/5812"}],"wp:attachment":[{"href":"https:\/\/staging.modipack.hr\/de\/wp-json\/wp\/v2\/media?parent=5811"}],"wp:term":[{"taxonomy":"product_cat","embeddable":true,"href":"https:\/\/staging.modipack.hr\/de\/wp-json\/wp\/v2\/product_cat?post=5811"},{"taxonomy":"product_tag","embeddable":true,"href":"https:\/\/staging.modipack.hr\/de\/wp-json\/wp\/v2\/product_tag?post=5811"}],"curies":[{"name":"wp","href":"https:\/\/api.w.org\/{rel}","templated":true}]}}