{"id":5823,"date":"2023-12-05T16:31:43","date_gmt":"2023-12-05T15:31:43","guid":{"rendered":"https:\/\/staging.modipack.hr\/p\/quikwrap-m\/"},"modified":"2024-06-12T14:11:28","modified_gmt":"2024-06-12T12:11:28","slug":"quikwrap-m","status":"publish","type":"product","link":"https:\/\/staging.modipack.hr\/de\/p\/quikwrap-m\/","title":{"rendered":"QuikWrap M"},"content":{"rendered":"","protected":false},"excerpt":{"rendered":"<p>QuikWrap M der Marke SEALED AIR\u00ae ist ein manueller Papierverpackungsspender, der f\u00fcr E-Commerce-Packstationsumgebungen entwickelt wurde. Der QuikWrap M erm\u00f6glicht einen Verpackungsvorgang mit h\u00f6herem Durchsatz und bietet gleichzeitig maximale Nachhaltigkeitsvorteile. Dieser Spender kann endlos mit zwei Arten von 100 % recycelbaren Papierverbrauchsmaterialien aufgef\u00fcllt werden. Das Wabenpapier und das individuell anpassbare Papier f\u00fcr Hohlr\u00e4ume umh\u00fcllen die Produkte, um sie zu sch\u00fctzen und den Verbrauchern ein besseres Auspackerlebnis zu bieten.<\/p>\n","protected":false},"featured_media":5824,"comment_status":"open","ping_status":"closed","template":"","meta":{"rank_math_lock_modified_date":false},"product_cat":[171],"product_tag":[],"class_list":{"0":"post-5823","1":"product","2":"type-product","3":"status-publish","4":"has-post-thumbnail","6":"product_cat-papierschutz-de","8":"first","9":"instock","10":"shipping-taxable","11":"product-type-simple"},"_links":{"self":[{"href":"https:\/\/staging.modipack.hr\/de\/wp-json\/wp\/v2\/product\/5823"}],"collection":[{"href":"https:\/\/staging.modipack.hr\/de\/wp-json\/wp\/v2\/product"}],"about":[{"href":"https:\/\/staging.modipack.hr\/de\/wp-json\/wp\/v2\/types\/product"}],"replies":[{"embeddable":true,"href":"https:\/\/staging.modipack.hr\/de\/wp-json\/wp\/v2\/comments?post=5823"}],"wp:featuredmedia":[{"embeddable":true,"href":"https:\/\/staging.modipack.hr\/de\/wp-json\/wp\/v2\/media\/5824"}],"wp:attachment":[{"href":"https:\/\/staging.modipack.hr\/de\/wp-json\/wp\/v2\/media?parent=5823"}],"wp:term":[{"taxonomy":"product_cat","embeddable":true,"href":"https:\/\/staging.modipack.hr\/de\/wp-json\/wp\/v2\/product_cat?post=5823"},{"taxonomy":"product_tag","embeddable":true,"href":"https:\/\/staging.modipack.hr\/de\/wp-json\/wp\/v2\/product_tag?post=5823"}],"curies":[{"name":"wp","href":"https:\/\/api.w.org\/{rel}","templated":true}]}}