{"id":5829,"date":"2023-12-05T15:59:19","date_gmt":"2023-12-05T14:59:19","guid":{"rendered":"https:\/\/staging.modipack.hr\/p\/papairwrap\/"},"modified":"2024-06-12T13:19:53","modified_gmt":"2024-06-12T11:19:53","slug":"papairwrap","status":"publish","type":"product","link":"https:\/\/staging.modipack.hr\/de\/p\/papairwrap\/","title":{"rendered":"PapairWrap"},"content":{"rendered":"","protected":false},"excerpt":{"rendered":"<p>PapairWrap \u2013 die erste Luftpolsterfolie aus 100 % recyceltem Papier \u2013 kosteng\u00fcnstig, nachhaltig.<\/p>\n<p><strong>Papair steht f\u00fcr individuelle Verpackungsl\u00f6sungen<\/strong><\/p>\n<p><strong>Logistik und Transport<\/strong><\/p>\n<p>PapairWrap \u2013 f\u00fcr den sicheren Transport von Elektronikkomponenten, Ersatzteilen oder Maschinenbauteilen. \u00a0Die innovative Papierluftpolsterfolie bietet individuellen Schutz beim innerbetrieblichen Materialfluss.<\/p>\n<ul>\n<li>Monomaterial 100 % Papier<\/li>\n<li>staubfrei und sicher<\/li>\n<li>hohe Polsterwirkung<\/li>\n<\/ul>\n<p><strong>Weniger Volumen, geringere Kosten<\/strong><\/p>\n<p>Das innovative Luftpolsterpapier passt sich beim Verpacken flexibel an die Produkte an. Damit wird Volumen gespart und der Verpackungsprozess vereinfacht. Die zwei Lagen sorgen auch bei kleinem Packma\u00df f\u00fcr einen sicheren Versand.<\/p>\n<ul>\n<li>geringes Verpackungsvolumen spart F\u00fcllmaterial und Versandkosten<\/li>\n<li>kosteng\u00fcnstige, nachhaltigen Alternative<\/li>\n<\/ul>\n<p><strong>Positives Kundenerlebnis<\/strong><\/p>\n<p>PapairWrap ist die nachhaltige Verpackungsl\u00f6sung mit zuverl\u00e4ssigem Transportschutz f\u00fcr zufriedene Kunden.<\/p>\n<ul>\n<li>Verwendung wie herk\u00f6mmliche Luftpolsterfolie<\/li>\n<li>Kundenwunsch nach nachhaltiger Versandoption erf\u00fcllen<\/li>\n<li>positives Unboxing-Erlebnis<\/li>\n<\/ul>\n","protected":false},"featured_media":5830,"comment_status":"open","ping_status":"closed","template":"","meta":{"rank_math_lock_modified_date":false},"product_cat":[171],"product_tag":[],"class_list":{"0":"post-5829","1":"product","2":"type-product","3":"status-publish","4":"has-post-thumbnail","6":"product_cat-papierschutz-de","8":"first","9":"instock","10":"shipping-taxable","11":"product-type-simple"},"_links":{"self":[{"href":"https:\/\/staging.modipack.hr\/de\/wp-json\/wp\/v2\/product\/5829"}],"collection":[{"href":"https:\/\/staging.modipack.hr\/de\/wp-json\/wp\/v2\/product"}],"about":[{"href":"https:\/\/staging.modipack.hr\/de\/wp-json\/wp\/v2\/types\/product"}],"replies":[{"embeddable":true,"href":"https:\/\/staging.modipack.hr\/de\/wp-json\/wp\/v2\/comments?post=5829"}],"wp:featuredmedia":[{"embeddable":true,"href":"https:\/\/staging.modipack.hr\/de\/wp-json\/wp\/v2\/media\/5830"}],"wp:attachment":[{"href":"https:\/\/staging.modipack.hr\/de\/wp-json\/wp\/v2\/media?parent=5829"}],"wp:term":[{"taxonomy":"product_cat","embeddable":true,"href":"https:\/\/staging.modipack.hr\/de\/wp-json\/wp\/v2\/product_cat?post=5829"},{"taxonomy":"product_tag","embeddable":true,"href":"https:\/\/staging.modipack.hr\/de\/wp-json\/wp\/v2\/product_tag?post=5829"}],"curies":[{"name":"wp","href":"https:\/\/api.w.org\/{rel}","templated":true}]}}