{"id":5842,"date":"2023-12-04T16:09:53","date_gmt":"2023-12-04T15:09:53","guid":{"rendered":"https:\/\/staging.modipack.hr\/p\/fasfil-mini\/"},"modified":"2024-06-12T13:13:30","modified_gmt":"2024-06-12T11:13:30","slug":"fasfil-mini","status":"publish","type":"product","link":"https:\/\/staging.modipack.hr\/de\/p\/fasfil-mini\/","title":{"rendered":"Fasfil mini"},"content":{"rendered":"","protected":false},"excerpt":{"rendered":"<p>FasFil MINI ist eine leicht zu transportierende Schachtel mit zerknittertem Papier, die dazu dient, den Hohlraum in Kartons unterschiedlicher Gr\u00f6\u00dfe zu f\u00fcllen und ideal f\u00fcr kleinere Webshops ist. Sie erm\u00f6glicht einen vollst\u00e4ndigen Schutz Ihres Produkts bei Lagerung und Transport und ist eines der Schl\u00fcsselelemente des Produktschutzes.<br \/>\n100 % biologisch abbaubares Recyclingpapier.<br \/>\nDie Verwendung ist schnell und einfach, wodurch der Verpackungsprozess beschleunigt wird und Sie erhebliche Zeit- und Platzeinsparungen sowie einen effizienteren Arbeitseinsatz erzielen k\u00f6nnen.<br \/>\nMit einem hochwertigen Produktschutz zeigen Sie Ihren Kunden, dass Sie in ein positives Benutzererlebnis investieren.<\/p>\n","protected":false},"featured_media":5843,"comment_status":"open","ping_status":"closed","template":"","meta":{"rank_math_lock_modified_date":false},"product_cat":[171],"product_tag":[],"class_list":{"0":"post-5842","1":"product","2":"type-product","3":"status-publish","4":"has-post-thumbnail","6":"product_cat-papierschutz-de","8":"first","9":"instock","10":"shipping-taxable","11":"product-type-simple"},"_links":{"self":[{"href":"https:\/\/staging.modipack.hr\/de\/wp-json\/wp\/v2\/product\/5842"}],"collection":[{"href":"https:\/\/staging.modipack.hr\/de\/wp-json\/wp\/v2\/product"}],"about":[{"href":"https:\/\/staging.modipack.hr\/de\/wp-json\/wp\/v2\/types\/product"}],"replies":[{"embeddable":true,"href":"https:\/\/staging.modipack.hr\/de\/wp-json\/wp\/v2\/comments?post=5842"}],"wp:featuredmedia":[{"embeddable":true,"href":"https:\/\/staging.modipack.hr\/de\/wp-json\/wp\/v2\/media\/5843"}],"wp:attachment":[{"href":"https:\/\/staging.modipack.hr\/de\/wp-json\/wp\/v2\/media?parent=5842"}],"wp:term":[{"taxonomy":"product_cat","embeddable":true,"href":"https:\/\/staging.modipack.hr\/de\/wp-json\/wp\/v2\/product_cat?post=5842"},{"taxonomy":"product_tag","embeddable":true,"href":"https:\/\/staging.modipack.hr\/de\/wp-json\/wp\/v2\/product_tag?post=5842"}],"curies":[{"name":"wp","href":"https:\/\/api.w.org\/{rel}","templated":true}]}}