{"id":5845,"date":"2023-12-04T16:03:48","date_gmt":"2023-12-04T15:03:48","guid":{"rendered":"https:\/\/staging.modipack.hr\/p\/medicinska-oprema\/"},"modified":"2024-06-06T13:59:46","modified_gmt":"2024-06-06T11:59:46","slug":"medizinische-ausruestung","status":"publish","type":"product","link":"https:\/\/staging.modipack.hr\/de\/p\/medizinische-ausruestung\/","title":{"rendered":"Medizinische Ausr\u00fcstung"},"content":{"rendered":"","protected":false},"excerpt":{"rendered":"<p>Modipack d.o.o. ist ein entwicklungsorientiertes Unternehmen, das einen Komplettservice von der Idee bis zur finalen individuell gestalteten L\u00f6sung zum Schutz Ihres Produkts bietet.<br \/>\nIn der ersten Phase erstellen wir einen Prototyp, um einen Einblick in das L\u00f6sungsmodell zu erhalten, und in der zweiten Phase gehen wir an die Produktion und den Vertrieb heran.<br \/>\nWir produzieren L\u00f6sungen, die einen wirksamen Produktschutz von der Produktion bis zur Auslieferung bieten.<br \/>\nBreite Palette effektiver und dauerhafter L\u00f6sungen.<br \/>\nMarktorientierte L\u00f6sungen f\u00fcr Branchen wie Automobilindustrie, K\u00fchlketten, Elektronik, medizinische Ger\u00e4te, R\u00fcstungsindustrie, E-Commerce, 3PL (ThirdPartyLogistics) und FMCG (FastMovingConsumerGoods) sowie verschiedene Anwendungen<br \/>\nExpandiertes Polyethylen (EPE) ist eine L\u00f6sung, die Styropor (EPS und XPS) ersetzt.<\/p>\n<p>Extrem leicht<br \/>\nFeuchtigkeitsbest\u00e4ndig<br \/>\nAbsorbiert St\u00f6\u00dfe<br \/>\n100 % recycelbar und resistent gegen verschiedene Einfl\u00fcsse<\/p>\n","protected":false},"featured_media":5849,"comment_status":"open","ping_status":"closed","template":"","meta":{"rank_math_lock_modified_date":false},"product_cat":[176,177],"product_tag":[],"class_list":{"0":"post-5845","1":"product","2":"type-product","3":"status-publish","4":"has-post-thumbnail","6":"product_cat-herstellung-de","7":"product_cat-medizinische-ausruestung-de","9":"first","10":"instock","11":"shipping-taxable","12":"product-type-simple"},"_links":{"self":[{"href":"https:\/\/staging.modipack.hr\/de\/wp-json\/wp\/v2\/product\/5845"}],"collection":[{"href":"https:\/\/staging.modipack.hr\/de\/wp-json\/wp\/v2\/product"}],"about":[{"href":"https:\/\/staging.modipack.hr\/de\/wp-json\/wp\/v2\/types\/product"}],"replies":[{"embeddable":true,"href":"https:\/\/staging.modipack.hr\/de\/wp-json\/wp\/v2\/comments?post=5845"}],"wp:featuredmedia":[{"embeddable":true,"href":"https:\/\/staging.modipack.hr\/de\/wp-json\/wp\/v2\/media\/5849"}],"wp:attachment":[{"href":"https:\/\/staging.modipack.hr\/de\/wp-json\/wp\/v2\/media?parent=5845"}],"wp:term":[{"taxonomy":"product_cat","embeddable":true,"href":"https:\/\/staging.modipack.hr\/de\/wp-json\/wp\/v2\/product_cat?post=5845"},{"taxonomy":"product_tag","embeddable":true,"href":"https:\/\/staging.modipack.hr\/de\/wp-json\/wp\/v2\/product_tag?post=5845"}],"curies":[{"name":"wp","href":"https:\/\/api.w.org\/{rel}","templated":true}]}}