{"id":5870,"date":"2023-12-04T14:29:43","date_gmt":"2023-12-04T13:29:43","guid":{"rendered":"https:\/\/staging.modipack.hr\/p\/kuverte-sa-zracnim-jastucicima\/"},"modified":"2024-06-07T11:45:57","modified_gmt":"2024-06-07T09:45:57","slug":"luftpolsterumschlaege","status":"publish","type":"product","link":"https:\/\/staging.modipack.hr\/de\/p\/luftpolsterumschlaege\/","title":{"rendered":"Luftpolsterumschl\u00e4ge"},"content":{"rendered":"","protected":false},"excerpt":{"rendered":"<p>Luftpolsterumschl\u00e4ge sind innen mit Luftpolstern gef\u00fcllt, die den Inhalt vor Besch\u00e4digungen sch\u00fctzen.<br \/>\nDas Verschlie\u00dfen des Umschlags erfolgt ganz einfach mit selbstklebendem Klebeband.<br \/>\nEs steht eine gro\u00dfe Auswahl an verschiedenen Abmessungen zur Verf\u00fcgung.<\/p>\n","protected":false},"featured_media":5871,"comment_status":"open","ping_status":"closed","template":"","meta":{"rank_math_lock_modified_date":false},"product_cat":[180],"product_tag":[],"class_list":{"0":"post-5870","1":"product","2":"type-product","3":"status-publish","4":"has-post-thumbnail","6":"product_cat-luftpolsterumschlaege-de","8":"first","9":"instock","10":"shipping-taxable","11":"product-type-simple"},"_links":{"self":[{"href":"https:\/\/staging.modipack.hr\/de\/wp-json\/wp\/v2\/product\/5870"}],"collection":[{"href":"https:\/\/staging.modipack.hr\/de\/wp-json\/wp\/v2\/product"}],"about":[{"href":"https:\/\/staging.modipack.hr\/de\/wp-json\/wp\/v2\/types\/product"}],"replies":[{"embeddable":true,"href":"https:\/\/staging.modipack.hr\/de\/wp-json\/wp\/v2\/comments?post=5870"}],"wp:featuredmedia":[{"embeddable":true,"href":"https:\/\/staging.modipack.hr\/de\/wp-json\/wp\/v2\/media\/5871"}],"wp:attachment":[{"href":"https:\/\/staging.modipack.hr\/de\/wp-json\/wp\/v2\/media?parent=5870"}],"wp:term":[{"taxonomy":"product_cat","embeddable":true,"href":"https:\/\/staging.modipack.hr\/de\/wp-json\/wp\/v2\/product_cat?post=5870"},{"taxonomy":"product_tag","embeddable":true,"href":"https:\/\/staging.modipack.hr\/de\/wp-json\/wp\/v2\/product_tag?post=5870"}],"curies":[{"name":"wp","href":"https:\/\/api.w.org\/{rel}","templated":true}]}}