{"id":5947,"date":"2023-11-27T14:25:59","date_gmt":"2023-11-27T13:25:59","guid":{"rendered":"https:\/\/staging.modipack.hr\/p\/kartonske-vrecice-s-ruckom\/"},"modified":"2024-06-06T11:37:57","modified_gmt":"2024-06-06T09:37:57","slug":"papiertueten-mit-henkel","status":"publish","type":"product","link":"https:\/\/staging.modipack.hr\/de\/p\/papiertueten-mit-henkel\/","title":{"rendered":"Papiert\u00fcten mit Henkel"},"content":{"rendered":"","protected":false},"excerpt":{"rendered":"<p>Papiert\u00fcten mit Henkel werden aus zwei-, drei- und vierschichtigem Material hergestellt. M\u00f6gliche Drucktechniken auf Papiert\u00fcten sind Flexodruck und Trockenpr\u00e4gung.<\/p>\n","protected":false},"featured_media":5948,"comment_status":"open","ping_status":"closed","template":"","meta":{"rank_math_lock_modified_date":false},"product_cat":[185,168],"product_tag":[],"class_list":{"0":"post-5947","1":"product","2":"type-product","3":"status-publish","4":"has-post-thumbnail","6":"product_cat-kartonschachteln-de","7":"product_cat-oekologische-verpackungsmaterialien-de","9":"first","10":"instock","11":"shipping-taxable","12":"product-type-simple"},"_links":{"self":[{"href":"https:\/\/staging.modipack.hr\/de\/wp-json\/wp\/v2\/product\/5947"}],"collection":[{"href":"https:\/\/staging.modipack.hr\/de\/wp-json\/wp\/v2\/product"}],"about":[{"href":"https:\/\/staging.modipack.hr\/de\/wp-json\/wp\/v2\/types\/product"}],"replies":[{"embeddable":true,"href":"https:\/\/staging.modipack.hr\/de\/wp-json\/wp\/v2\/comments?post=5947"}],"wp:featuredmedia":[{"embeddable":true,"href":"https:\/\/staging.modipack.hr\/de\/wp-json\/wp\/v2\/media\/5948"}],"wp:attachment":[{"href":"https:\/\/staging.modipack.hr\/de\/wp-json\/wp\/v2\/media?parent=5947"}],"wp:term":[{"taxonomy":"product_cat","embeddable":true,"href":"https:\/\/staging.modipack.hr\/de\/wp-json\/wp\/v2\/product_cat?post=5947"},{"taxonomy":"product_tag","embeddable":true,"href":"https:\/\/staging.modipack.hr\/de\/wp-json\/wp\/v2\/product_tag?post=5947"}],"curies":[{"name":"wp","href":"https:\/\/api.w.org\/{rel}","templated":true}]}}