{"id":5976,"date":"2023-11-23T10:55:29","date_gmt":"2023-11-23T09:55:29","guid":{"rendered":"https:\/\/staging.modipack.hr\/p\/kartonski-kutnici\/"},"modified":"2024-06-06T11:44:30","modified_gmt":"2024-06-06T09:44:30","slug":"pappecken","status":"publish","type":"product","link":"https:\/\/staging.modipack.hr\/de\/p\/pappecken\/","title":{"rendered":"Pappecken"},"content":{"rendered":"","protected":false},"excerpt":{"rendered":"<p>Ecken dienen zum zus\u00e4tzlichen Produktschutz bei Lagerung, Handhabung und Transport. Sie verhindern Kantensch\u00e4den und stabilisieren die Palette zus\u00e4tzlich.  <\/p>\n","protected":false},"featured_media":5977,"comment_status":"open","ping_status":"closed","template":"","meta":{"rank_math_lock_modified_date":false},"product_cat":[185],"product_tag":[],"class_list":{"0":"post-5976","1":"product","2":"type-product","3":"status-publish","4":"has-post-thumbnail","6":"product_cat-kartonschachteln-de","8":"first","9":"instock","10":"shipping-taxable","11":"product-type-simple"},"_links":{"self":[{"href":"https:\/\/staging.modipack.hr\/de\/wp-json\/wp\/v2\/product\/5976"}],"collection":[{"href":"https:\/\/staging.modipack.hr\/de\/wp-json\/wp\/v2\/product"}],"about":[{"href":"https:\/\/staging.modipack.hr\/de\/wp-json\/wp\/v2\/types\/product"}],"replies":[{"embeddable":true,"href":"https:\/\/staging.modipack.hr\/de\/wp-json\/wp\/v2\/comments?post=5976"}],"wp:featuredmedia":[{"embeddable":true,"href":"https:\/\/staging.modipack.hr\/de\/wp-json\/wp\/v2\/media\/5977"}],"wp:attachment":[{"href":"https:\/\/staging.modipack.hr\/de\/wp-json\/wp\/v2\/media?parent=5976"}],"wp:term":[{"taxonomy":"product_cat","embeddable":true,"href":"https:\/\/staging.modipack.hr\/de\/wp-json\/wp\/v2\/product_cat?post=5976"},{"taxonomy":"product_tag","embeddable":true,"href":"https:\/\/staging.modipack.hr\/de\/wp-json\/wp\/v2\/product_tag?post=5976"}],"curies":[{"name":"wp","href":"https:\/\/api.w.org\/{rel}","templated":true}]}}