{"id":5978,"date":"2023-11-23T10:48:11","date_gmt":"2023-11-23T09:48:11","guid":{"rendered":"https:\/\/staging.modipack.hr\/p\/instapak-simple\/"},"modified":"2024-06-07T14:37:33","modified_gmt":"2024-06-07T12:37:33","slug":"instapak-simple","status":"publish","type":"product","link":"https:\/\/staging.modipack.hr\/de\/p\/instapak-simple\/","title":{"rendered":"Instapak Simple"},"content":{"rendered":"","protected":false},"excerpt":{"rendered":"<p>Produktschutz mit expandierendem Schaumstoff, der sich vollst\u00e4ndig an die Form Ihrer Produkte anpasst und sie bei Transport und Lagerung vollst\u00e4ndig sch\u00fctzt.<br \/>\nDie Verwendung ist schnell und einfach, wodurch der Verpackungsprozess beschleunigt wird und Sie erhebliche Zeit- und Platzeinsparungen sowie einen effizienteren Arbeitseinsatz erzielen k\u00f6nnen.<br \/>\nMit einem hochwertigen Produktschutz zeigen Sie Ihren Kunden, dass Sie in ein positives Benutzererlebnis investieren.<\/p>\n","protected":false},"featured_media":5985,"comment_status":"open","ping_status":"closed","template":"","meta":{"rank_math_lock_modified_date":false},"product_cat":[186,154],"product_tag":[],"class_list":{"0":"post-5978","1":"product","2":"type-product","3":"status-publish","4":"has-post-thumbnail","6":"product_cat-schaumschutz-de","7":"product_cat-schutzverpackung-de","9":"first","10":"instock","11":"shipping-taxable","12":"product-type-simple"},"_links":{"self":[{"href":"https:\/\/staging.modipack.hr\/de\/wp-json\/wp\/v2\/product\/5978"}],"collection":[{"href":"https:\/\/staging.modipack.hr\/de\/wp-json\/wp\/v2\/product"}],"about":[{"href":"https:\/\/staging.modipack.hr\/de\/wp-json\/wp\/v2\/types\/product"}],"replies":[{"embeddable":true,"href":"https:\/\/staging.modipack.hr\/de\/wp-json\/wp\/v2\/comments?post=5978"}],"wp:featuredmedia":[{"embeddable":true,"href":"https:\/\/staging.modipack.hr\/de\/wp-json\/wp\/v2\/media\/5985"}],"wp:attachment":[{"href":"https:\/\/staging.modipack.hr\/de\/wp-json\/wp\/v2\/media?parent=5978"}],"wp:term":[{"taxonomy":"product_cat","embeddable":true,"href":"https:\/\/staging.modipack.hr\/de\/wp-json\/wp\/v2\/product_cat?post=5978"},{"taxonomy":"product_tag","embeddable":true,"href":"https:\/\/staging.modipack.hr\/de\/wp-json\/wp\/v2\/product_tag?post=5978"}],"curies":[{"name":"wp","href":"https:\/\/api.w.org\/{rel}","templated":true}]}}