{"id":5990,"date":"2023-11-23T10:30:43","date_gmt":"2023-11-23T09:30:43","guid":{"rendered":"https:\/\/staging.modipack.hr\/p\/instapak-quick\/"},"modified":"2024-06-07T14:29:52","modified_gmt":"2024-06-07T12:29:52","slug":"instapak-quick","status":"publish","type":"product","link":"https:\/\/staging.modipack.hr\/de\/p\/instapak-quick\/","title":{"rendered":"Instapak Quick"},"content":{"rendered":"","protected":false},"excerpt":{"rendered":"<p>Instapack Quick ist ein einfacher Produktschutz mit expandierendem Schaumstoff, der sich vollst\u00e4ndig an die Form Ihres Produkts anpasst. Aufgrund der einzigartigen Inhaltsstoffe, die im Beutel selbst enthalten sind, erhalten Sie in drei schnellen Schritten einen sch\u00fctzenden Schaum, f\u00fcr den Sie keine zus\u00e4tzliche Ausr\u00fcstung ben\u00f6tigen. Der Schutz eignet sich, wenn Sie kleine Produktmengen sch\u00fctzen m\u00f6chten.<br \/>\nDie Verwendung ist schnell und einfach, wodurch der Verpackungsprozess beschleunigt wird und Sie erhebliche Zeit- und Platzeinsparungen sowie einen effizienteren Arbeitseinsatz erzielen k\u00f6nnen.<br \/>\nMit einem hochwertigen Produktschutz zeigen Sie Ihren Kunden, dass Sie in ein positives Benutzererlebnis investieren.<\/p>\n","protected":false},"featured_media":5991,"comment_status":"open","ping_status":"closed","template":"","meta":{"rank_math_lock_modified_date":false},"product_cat":[186,154],"product_tag":[],"class_list":{"0":"post-5990","1":"product","2":"type-product","3":"status-publish","4":"has-post-thumbnail","6":"product_cat-schaumschutz-de","7":"product_cat-schutzverpackung-de","9":"first","10":"instock","11":"shipping-taxable","12":"product-type-simple"},"_links":{"self":[{"href":"https:\/\/staging.modipack.hr\/de\/wp-json\/wp\/v2\/product\/5990"}],"collection":[{"href":"https:\/\/staging.modipack.hr\/de\/wp-json\/wp\/v2\/product"}],"about":[{"href":"https:\/\/staging.modipack.hr\/de\/wp-json\/wp\/v2\/types\/product"}],"replies":[{"embeddable":true,"href":"https:\/\/staging.modipack.hr\/de\/wp-json\/wp\/v2\/comments?post=5990"}],"wp:featuredmedia":[{"embeddable":true,"href":"https:\/\/staging.modipack.hr\/de\/wp-json\/wp\/v2\/media\/5991"}],"wp:attachment":[{"href":"https:\/\/staging.modipack.hr\/de\/wp-json\/wp\/v2\/media?parent=5990"}],"wp:term":[{"taxonomy":"product_cat","embeddable":true,"href":"https:\/\/staging.modipack.hr\/de\/wp-json\/wp\/v2\/product_cat?post=5990"},{"taxonomy":"product_tag","embeddable":true,"href":"https:\/\/staging.modipack.hr\/de\/wp-json\/wp\/v2\/product_tag?post=5990"}],"curies":[{"name":"wp","href":"https:\/\/api.w.org\/{rel}","templated":true}]}}