{"id":5994,"date":"2023-11-23T09:36:42","date_gmt":"2023-11-23T08:36:42","guid":{"rendered":"https:\/\/staging.modipack.hr\/p\/papirna-ambalaza\/"},"modified":"2024-06-12T14:05:55","modified_gmt":"2024-06-12T12:05:55","slug":"papierverpackungen","status":"publish","type":"product","link":"https:\/\/staging.modipack.hr\/de\/p\/papierverpackungen\/","title":{"rendered":"Papierverpackungen"},"content":{"rendered":"","protected":false},"excerpt":{"rendered":"<p><strong>CushionPaper\u2122<\/strong><\/p>\n<p>Dank seiner innovativen Konstruktion bietet es hervorragenden Schutz, Blockierung und Sicherung von Produkten sowie Hohlraumf\u00fcllung und Verpackung.<br \/>\nDiese Technologie erzeugt Wellpapier mit einer H\u00f6he von 10 bis 20 mm und erzeugt 50 % mehr Wellen pro L\u00e4ngeneinheit als herk\u00f6mmliche Wellpappe.<\/p>\n<p>Vorteile von CushionPaper\u2122<\/p>\n<ul>\n<li>Wirtschaftlichkeit<\/li>\n<li>Die CushionPaper\u2122-Produktlinie garantiert eine herausragende Leistung zu einem \u00e4u\u00dferst wettbewerbsf\u00e4higen Preis.<\/li>\n<li>CushionPaper\u2122-Produkte werden aus Recyclingpapier hergestellt und k\u00f6nnen recycelt werden, sodass sie umweltfreundlich sind.<\/li>\n<li>CushionPaper\u2122-Produkte sind einfach f\u00fcr allt\u00e4gliche Verpackungen zu verwenden. Es ist keine Schulung erforderlich, um zu verstehen, wie Sie diese Produkte in Ihren Arbeitsablauf integrieren.<\/li>\n<\/ul>\n","protected":false},"featured_media":5995,"comment_status":"open","ping_status":"closed","template":"","meta":{"rank_math_lock_modified_date":false},"product_cat":[171],"product_tag":[],"class_list":{"0":"post-5994","1":"product","2":"type-product","3":"status-publish","4":"has-post-thumbnail","6":"product_cat-papierschutz-de","8":"first","9":"instock","10":"shipping-taxable","11":"product-type-simple"},"_links":{"self":[{"href":"https:\/\/staging.modipack.hr\/de\/wp-json\/wp\/v2\/product\/5994"}],"collection":[{"href":"https:\/\/staging.modipack.hr\/de\/wp-json\/wp\/v2\/product"}],"about":[{"href":"https:\/\/staging.modipack.hr\/de\/wp-json\/wp\/v2\/types\/product"}],"replies":[{"embeddable":true,"href":"https:\/\/staging.modipack.hr\/de\/wp-json\/wp\/v2\/comments?post=5994"}],"wp:featuredmedia":[{"embeddable":true,"href":"https:\/\/staging.modipack.hr\/de\/wp-json\/wp\/v2\/media\/5995"}],"wp:attachment":[{"href":"https:\/\/staging.modipack.hr\/de\/wp-json\/wp\/v2\/media?parent=5994"}],"wp:term":[{"taxonomy":"product_cat","embeddable":true,"href":"https:\/\/staging.modipack.hr\/de\/wp-json\/wp\/v2\/product_cat?post=5994"},{"taxonomy":"product_tag","embeddable":true,"href":"https:\/\/staging.modipack.hr\/de\/wp-json\/wp\/v2\/product_tag?post=5994"}],"curies":[{"name":"wp","href":"https:\/\/api.w.org\/{rel}","templated":true}]}}